{"id":6156,"date":"2024-01-01T10:00:26","date_gmt":"2024-01-01T13:00:26","guid":{"rendered":"http:\/\/192.168.0.110\/educavo\/?page_id=6156"},"modified":"2024-05-10T10:21:29","modified_gmt":"2024-05-10T13:21:29","slug":"noticias","status":"publish","type":"page","link":"https:\/\/italiabrasil.com.br\/it\/noticias\/","title":{"rendered":"Notizie"},"content":{"rendered":"<div data-elementor-type=\"wp-page\" data-elementor-id=\"6156\" class=\"elementor elementor-6156\" data-elementor-post-type=\"page\">\n\t\t\t\t\t\t<section data-dce-background-overlay-color=\"#000000\" data-dce-background-image-url=\"https:\/\/italiabrasil.com.br\/wp-content\/uploads\/2023\/11\/bg-topo-sobre.jpg\" class=\"elementor-section elementor-top-section elementor-element elementor-element-0e35979 elementor-section-stretched elementor-section-full_width elementor-section-height-min-height elementor-section-height-default elementor-section-items-middle\" data-id=\"0e35979\" data-element_type=\"section\" data-settings=\"{&quot;stretch_section&quot;:&quot;section-stretched&quot;,&quot;background_background&quot;:&quot;classic&quot;}\">\n\t\t\t\t\t\t\t<div class=\"elementor-background-overlay\"><\/div>\n\t\t\t\t\t\t\t<div class=\"elementor-container elementor-column-gap-default\">\n\t\t\t\t\t<div class=\"elementor-column elementor-col-100 elementor-top-column elementor-element elementor-element-32ff851\" data-id=\"32ff851\" data-element_type=\"column\">\n\t\t\t<div class=\"elementor-widget-wrap elementor-element-populated\">\n\t\t\t\t\t\t<section class=\"elementor-section elementor-inner-section elementor-element elementor-element-b5f8d71 elementor-section-content-middle elementor-section-boxed elementor-section-height-default elementor-section-height-default\" data-id=\"b5f8d71\" data-element_type=\"section\">\n\t\t\t\t\t\t<div class=\"elementor-container elementor-column-gap-default\">\n\t\t\t\t\t<div class=\"elementor-column elementor-col-100 elementor-inner-column elementor-element elementor-element-95186c2\" data-id=\"95186c2\" data-element_type=\"column\">\n\t\t\t<div class=\"elementor-widget-wrap elementor-element-populated\">\n\t\t\t\t\t\t\t<\/div>\n\t\t<\/div>\n\t\t\t\t\t<\/div>\n\t\t<\/section>\n\t\t\t\t\t<\/div>\n\t\t<\/div>\n\t\t\t\t\t<\/div>\n\t\t<\/section>\n\t\t\t\t<section class=\"elementor-section elementor-top-section elementor-element elementor-element-7cd7d9f elementor-section-boxed elementor-section-height-default elementor-section-height-default\" data-id=\"7cd7d9f\" data-element_type=\"section\" data-settings=\"{&quot;background_background&quot;:&quot;classic&quot;}\">\n\t\t\t\t\t\t<div class=\"elementor-container elementor-column-gap-default\">\n\t\t\t\t\t<div class=\"elementor-column elementor-col-100 elementor-top-column elementor-element elementor-element-02aeed3\" data-id=\"02aeed3\" data-element_type=\"column\">\n\t\t\t<div class=\"elementor-widget-wrap elementor-element-populated\">\n\t\t\t\t\t\t<div data-dce-title-color=\"#071D49\" class=\"elementor-element elementor-element-b485380 elementor-widget elementor-widget-rsblog\" data-id=\"b485380\" data-element_type=\"widget\" data-widget_type=\"rsblog.default\">\n\t\t\t\t<div class=\"elementor-widget-container\">\n\t\t\t\t\t         \r\n\t\t<div class=\"rs-blog-grid rs-blog-grid2\">            \r\n\t\t\t\r\n            <div class=\"row blog-gird-item\">\r\n                \r\n\t\t\t \t\t\t\t\t\t\r\n\t\t\t\t\t<div class=\"grid-item col-lg-4  filter_atividades-camara filter_eventos filter_parceiros\">\r\n\r\n                                                    <div class=\"no-gutter blog-item rs-blog-grid1\">\r\n                                                           \r\n                                <div class=\"image-part\">\r\n                                    <a href=\"https:\/\/italiabrasil.com.br\/it\/eventos\/camara-em-reuniao-na-acia-em-pocos-de-caldas\/\">\r\n                                        <img fetchpriority=\"high\" decoding=\"async\" width=\"700\" height=\"500\" src=\"https:\/\/italiabrasil.com.br\/wp-content\/uploads\/2026\/03\/ACI-700x500.jpg\" class=\"attachment-educavo_large_blog_grid size-educavo_large_blog_grid wp-post-image\" alt=\"\" \/>                                    <\/a> \r\n                                <\/div>                             \r\n                                \r\n                                <div class=\"blog-content\">                                    \r\n                                                                               <ul class=\"blog-meta\">\r\n                                                                                                                                <\/ul>\r\n                                                                                \r\n                                        <h3 class=\"title dd\"><a href=\"https:\/\/italiabrasil.com.br\/it\/eventos\/camara-em-reuniao-na-acia-em-pocos-de-caldas\/\">C\u00e2mara em reuni\u00e3o na ACIA EM Po\u00e7os de Caldas<\/a><\/h3>\r\n                                                                                    <p class=\"txt\">\ud83c\uddee\ud83c\uddf9\ud83d\udd3a No \u00faltimo dia 10 de mar\u00e7o, o internacionalista da C\u00e2mara Matheus Lamarca representou a entidade em reuni\u00e3o na ACIA...<\/p>\r\n                                                                                <div class=\"btn-btm d-flex align-items-center justify-content-between\">\r\n                                                                                            <div class=\"cat_list\">\r\n                                                    <ul class=\"post-categories\">\n\t<li><a href=\"https:\/\/italiabrasil.com.br\/it\/categorias\/atividades-camara\/\" rel=\"category tag\">Attivit\u00e0 della Camera<\/a><\/li>\n\t<li><a href=\"https:\/\/italiabrasil.com.br\/it\/categorias\/eventos\/\" rel=\"category tag\">Eventi<\/a><\/li>\n\t<li><a href=\"https:\/\/italiabrasil.com.br\/it\/categorias\/parceiros\/\" rel=\"category tag\">Partner<\/a><\/li><\/ul>                                                <\/div>\r\n                                                                                                                                        <div class=\"btn-part\">\r\n                                                    <a class=\"readon-arrow\" href=\"https:\/\/italiabrasil.com.br\/it\/eventos\/camara-em-reuniao-na-acia-em-pocos-de-caldas\/\">\r\n                                                        Per saperne di pi\u00f9 <i class=\"fa fa fa-angle-right\"><\/i>\r\n                                                    <\/a>\r\n                                                <\/div>\r\n                                                                                    <\/div>\r\n\r\n                                <\/div>                                \r\n                            \r\n                            <\/div>\r\n                                                    \r\n                    <\/div>\r\n\t\t\t\t\t\t\t\t\t\t\r\n\t\t\t\t\t<div class=\"grid-item col-lg-4  filter_atividades-camara filter_eventos filter_parceiros\">\r\n\r\n                                                    <div class=\"no-gutter blog-item rs-blog-grid1\">\r\n                                                           \r\n                                <div class=\"image-part\">\r\n                                    <a href=\"https:\/\/italiabrasil.com.br\/it\/eventos\/presenca-da-camara-na-inauguracao-do-monumento-a-lanterna-luz-ligure-no-mundo\/\">\r\n                                        <img decoding=\"async\" width=\"700\" height=\"500\" src=\"https:\/\/italiabrasil.com.br\/wp-content\/uploads\/2026\/03\/pocos-de-caldas-700x500.jpg\" class=\"attachment-educavo_large_blog_grid size-educavo_large_blog_grid wp-post-image\" alt=\"\" \/>                                    <\/a> \r\n                                <\/div>                             \r\n                                \r\n                                <div class=\"blog-content\">                                    \r\n                                                                               <ul class=\"blog-meta\">\r\n                                                                                                                                <\/ul>\r\n                                                                                \r\n                                        <h3 class=\"title dd\"><a href=\"https:\/\/italiabrasil.com.br\/it\/eventos\/presenca-da-camara-na-inauguracao-do-monumento-a-lanterna-luz-ligure-no-mundo\/\">Presen\u00e7a da C\u00e2mara na inaugura\u00e7\u00e3o do monumento A lanterna \u2013 Luz L\u00edgure no mundo<\/a><\/h3>\r\n                                                                                    <p class=\"txt\">\ud83c\udde7\ud83c\uddf7\ud83d\udd3aNo dia 09\/03, em Po\u00e7os de Caldas, no sul de Minas, foi inaugurado monumento em homenagem aos imigrantes italianos em...<\/p>\r\n                                                                                <div class=\"btn-btm d-flex align-items-center justify-content-between\">\r\n                                                                                            <div class=\"cat_list\">\r\n                                                    <ul class=\"post-categories\">\n\t<li><a href=\"https:\/\/italiabrasil.com.br\/it\/categorias\/atividades-camara\/\" rel=\"category tag\">Attivit\u00e0 della Camera<\/a><\/li>\n\t<li><a href=\"https:\/\/italiabrasil.com.br\/it\/categorias\/eventos\/\" rel=\"category tag\">Eventi<\/a><\/li>\n\t<li><a href=\"https:\/\/italiabrasil.com.br\/it\/categorias\/parceiros\/\" rel=\"category tag\">Partner<\/a><\/li><\/ul>                                                <\/div>\r\n                                                                                                                                        <div class=\"btn-part\">\r\n                                                    <a class=\"readon-arrow\" href=\"https:\/\/italiabrasil.com.br\/it\/eventos\/presenca-da-camara-na-inauguracao-do-monumento-a-lanterna-luz-ligure-no-mundo\/\">\r\n                                                        Per saperne di pi\u00f9 <i class=\"fa fa fa-angle-right\"><\/i>\r\n                                                    <\/a>\r\n                                                <\/div>\r\n                                                                                    <\/div>\r\n\r\n                                <\/div>                                \r\n                            \r\n                            <\/div>\r\n                                                    \r\n                    <\/div>\r\n\t\t\t\t\t\t\t\t\t\t\r\n\t\t\t\t\t<div class=\"grid-item col-lg-4  filter_associados filter_atividades-camara filter_parceiros\">\r\n\r\n                                                    <div class=\"no-gutter blog-item rs-blog-grid1\">\r\n                                                           \r\n                                <div class=\"image-part\">\r\n                                    <a href=\"https:\/\/italiabrasil.com.br\/it\/atividades-camara\/gt-mulheres\/\">\r\n                                        <img decoding=\"async\" width=\"700\" height=\"500\" src=\"https:\/\/italiabrasil.com.br\/wp-content\/uploads\/2026\/03\/gt-woman-700x500.jpg\" class=\"attachment-educavo_large_blog_grid size-educavo_large_blog_grid wp-post-image\" alt=\"\" \/>                                    <\/a> \r\n                                <\/div>                             \r\n                                \r\n                                <div class=\"blog-content\">                                    \r\n                                                                               <ul class=\"blog-meta\">\r\n                                                                                                                                <\/ul>\r\n                                                                                \r\n                                        <h3 class=\"title dd\"><a href=\"https:\/\/italiabrasil.com.br\/it\/atividades-camara\/gt-mulheres\/\">GT Mulheres<\/a><\/h3>\r\n                                                                                    <p class=\"txt\">\ud83d\udeba\ud83c\udde7\ud83c\uddf7 Aconteceu, no \u00faltimo dia 2 de mar\u00e7o, na sede da C\u00e2mara, a primeira reuni\u00e3o do GT Mulheres, grupo que...<\/p>\r\n                                                                                <div class=\"btn-btm d-flex align-items-center justify-content-between\">\r\n                                                                                            <div class=\"cat_list\">\r\n                                                    <ul class=\"post-categories\">\n\t<li><a href=\"https:\/\/italiabrasil.com.br\/it\/categorias\/associados\/\" rel=\"category tag\">Associati<\/a><\/li>\n\t<li><a href=\"https:\/\/italiabrasil.com.br\/it\/categorias\/atividades-camara\/\" rel=\"category tag\">Attivit\u00e0 della Camera<\/a><\/li>\n\t<li><a href=\"https:\/\/italiabrasil.com.br\/it\/categorias\/parceiros\/\" rel=\"category tag\">Partner<\/a><\/li><\/ul>                                                <\/div>\r\n                                                                                                                                        <div class=\"btn-part\">\r\n                                                    <a class=\"readon-arrow\" href=\"https:\/\/italiabrasil.com.br\/it\/atividades-camara\/gt-mulheres\/\">\r\n                                                        Per saperne di pi\u00f9 <i class=\"fa fa fa-angle-right\"><\/i>\r\n                                                    <\/a>\r\n                                                <\/div>\r\n                                                                                    <\/div>\r\n\r\n                                <\/div>                                \r\n                            \r\n                            <\/div>\r\n                                                    \r\n                    <\/div>\r\n\t\t\t\t\t\t\t\t\t\t\r\n\t\t\t\t\t<div class=\"grid-item col-lg-4  filter_associados filter_atividades-camara filter_eventos\">\r\n\r\n                                                    <div class=\"no-gutter blog-item rs-blog-grid1\">\r\n                                                           \r\n                                <div class=\"image-part\">\r\n                                    <a href=\"https:\/\/italiabrasil.com.br\/it\/eventos\/vini-e-affari\/\">\r\n                                        <img loading=\"lazy\" decoding=\"async\" width=\"700\" height=\"500\" src=\"https:\/\/italiabrasil.com.br\/wp-content\/uploads\/2026\/03\/vini-e-affari-1-700x500.jpg\" class=\"attachment-educavo_large_blog_grid size-educavo_large_blog_grid wp-post-image\" alt=\"\" \/>                                    <\/a> \r\n                                <\/div>                             \r\n                                \r\n                                <div class=\"blog-content\">                                    \r\n                                                                               <ul class=\"blog-meta\">\r\n                                                                                                                                <\/ul>\r\n                                                                                \r\n                                        <h3 class=\"title dd\"><a href=\"https:\/\/italiabrasil.com.br\/it\/eventos\/vini-e-affari\/\">Vini e Affari<\/a><\/h3>\r\n                                                                                    <p class=\"txt\">\ud83c\udf77\ud83c\udde7\ud83c\uddf7 Aconteceu, no \u00faltimo dia 25\/2, no La Vera Pizzeria, o Vini &amp; Affari, evento de degusta\u00e7\u00e3o de vinhos e...<\/p>\r\n                                                                                <div class=\"btn-btm d-flex align-items-center justify-content-between\">\r\n                                                                                            <div class=\"cat_list\">\r\n                                                    <ul class=\"post-categories\">\n\t<li><a href=\"https:\/\/italiabrasil.com.br\/it\/categorias\/associados\/\" rel=\"category tag\">Associati<\/a><\/li>\n\t<li><a href=\"https:\/\/italiabrasil.com.br\/it\/categorias\/atividades-camara\/\" rel=\"category tag\">Attivit\u00e0 della Camera<\/a><\/li>\n\t<li><a href=\"https:\/\/italiabrasil.com.br\/it\/categorias\/eventos\/\" rel=\"category tag\">Eventi<\/a><\/li><\/ul>                                                <\/div>\r\n                                                                                                                                        <div class=\"btn-part\">\r\n                                                    <a class=\"readon-arrow\" href=\"https:\/\/italiabrasil.com.br\/it\/eventos\/vini-e-affari\/\">\r\n                                                        Per saperne di pi\u00f9 <i class=\"fa fa fa-angle-right\"><\/i>\r\n                                                    <\/a>\r\n                                                <\/div>\r\n                                                                                    <\/div>\r\n\r\n                                <\/div>                                \r\n                            \r\n                            <\/div>\r\n                                                    \r\n                    <\/div>\r\n\t\t\t\t\t\t\t\t\t\t\r\n\t\t\t\t\t<div class=\"grid-item col-lg-4  filter_associados filter_atividades-camara filter_mercado-internacional filter_mercado-nacional filter_parceiros filter_projetos\">\r\n\r\n                                                    <div class=\"no-gutter blog-item rs-blog-grid1\">\r\n                                                           \r\n                                <div class=\"image-part\">\r\n                                    <a href=\"https:\/\/italiabrasil.com.br\/it\/projetos\/missao-panama-2026\/\">\r\n                                        <img loading=\"lazy\" decoding=\"async\" width=\"700\" height=\"500\" src=\"https:\/\/italiabrasil.com.br\/wp-content\/uploads\/2026\/03\/panama-700x500.jpg\" class=\"attachment-educavo_large_blog_grid size-educavo_large_blog_grid wp-post-image\" alt=\"\" \/>                                    <\/a> \r\n                                <\/div>                             \r\n                                \r\n                                <div class=\"blog-content\">                                    \r\n                                                                               <ul class=\"blog-meta\">\r\n                                                                                                                                <\/ul>\r\n                                                                                \r\n                                        <h3 class=\"title dd\"><a href=\"https:\/\/italiabrasil.com.br\/it\/projetos\/missao-panama-2026\/\">Miss\u00e3o Panam\u00e1 2026<\/a><\/h3>\r\n                                                                                    <p class=\"txt\">A C\u00e2mara de Com\u00e9rcio Italiana de Minas Gerais e C\u00e2mara de Com\u00e9rcio Italiana do Panam\u00e1 est\u00e3o organizando, em parceria, uma...<\/p>\r\n                                                                                <div class=\"btn-btm d-flex align-items-center justify-content-between\">\r\n                                                                                            <div class=\"cat_list\">\r\n                                                    <ul class=\"post-categories\">\n\t<li><a href=\"https:\/\/italiabrasil.com.br\/it\/categorias\/associados\/\" rel=\"category tag\">Associati<\/a><\/li>\n\t<li><a href=\"https:\/\/italiabrasil.com.br\/it\/categorias\/atividades-camara\/\" rel=\"category tag\">Attivit\u00e0 della Camera<\/a><\/li>\n\t<li><a href=\"https:\/\/italiabrasil.com.br\/it\/categorias\/mercado-internacional\/\" rel=\"category tag\">Mercato internazionale<\/a><\/li>\n\t<li><a href=\"https:\/\/italiabrasil.com.br\/it\/categorias\/mercado-nacional\/\" rel=\"category tag\">Mercato nazionale<\/a><\/li>\n\t<li><a href=\"https:\/\/italiabrasil.com.br\/it\/categorias\/parceiros\/\" rel=\"category tag\">Partner<\/a><\/li>\n\t<li><a href=\"https:\/\/italiabrasil.com.br\/it\/categorias\/projetos\/\" rel=\"category tag\">Progetti<\/a><\/li><\/ul>                                                <\/div>\r\n                                                                                                                                        <div class=\"btn-part\">\r\n                                                    <a class=\"readon-arrow\" href=\"https:\/\/italiabrasil.com.br\/it\/projetos\/missao-panama-2026\/\">\r\n                                                        Per saperne di pi\u00f9 <i class=\"fa fa fa-angle-right\"><\/i>\r\n                                                    <\/a>\r\n                                                <\/div>\r\n                                                                                    <\/div>\r\n\r\n                                <\/div>                                \r\n                            \r\n                            <\/div>\r\n                                                    \r\n                    <\/div>\r\n\t\t\t\t\t\t\t\t\t\t\r\n\t\t\t\t\t<div class=\"grid-item col-lg-4  filter_noticias filter_parceiros\">\r\n\r\n                                                    <div class=\"no-gutter blog-item rs-blog-grid1\">\r\n                                                           \r\n                                <div class=\"image-part\">\r\n                                    <a href=\"https:\/\/italiabrasil.com.br\/it\/noticias\/parceria-com-estestest-e-la-vera-pizzeria\/\">\r\n                                        <img loading=\"lazy\" decoding=\"async\" width=\"700\" height=\"500\" src=\"https:\/\/italiabrasil.com.br\/wp-content\/uploads\/2026\/03\/la-vera-700x500.jpg\" class=\"attachment-educavo_large_blog_grid size-educavo_large_blog_grid wp-post-image\" alt=\"\" \/>                                    <\/a> \r\n                                <\/div>                             \r\n                                \r\n                                <div class=\"blog-content\">                                    \r\n                                                                               <ul class=\"blog-meta\">\r\n                                                                                                                                <\/ul>\r\n                                                                                \r\n                                        <h3 class=\"title dd\"><a href=\"https:\/\/italiabrasil.com.br\/it\/noticias\/parceria-com-estestest-e-la-vera-pizzeria\/\">Parceria com Est!Est!!Est!!! e La Vera Pizzeria<\/a><\/h3>\r\n                                                                                    <p class=\"txt\">Os tradicionais e renomados restaurantes italianos Est!Est!!Est!!! e La Vera Pizzeria, em Belo Horizonte, firmaram parceria com a C\u00e2mara e,...<\/p>\r\n                                                                                <div class=\"btn-btm d-flex align-items-center justify-content-between\">\r\n                                                                                            <div class=\"cat_list\">\r\n                                                    <ul class=\"post-categories\">\n\t<li><a href=\"https:\/\/italiabrasil.com.br\/it\/categorias\/noticias\/\" rel=\"category tag\">Notizie<\/a><\/li>\n\t<li><a href=\"https:\/\/italiabrasil.com.br\/it\/categorias\/parceiros\/\" rel=\"category tag\">Partner<\/a><\/li><\/ul>                                                <\/div>\r\n                                                                                                                                        <div class=\"btn-part\">\r\n                                                    <a class=\"readon-arrow\" href=\"https:\/\/italiabrasil.com.br\/it\/noticias\/parceria-com-estestest-e-la-vera-pizzeria\/\">\r\n                                                        Per saperne di pi\u00f9 <i class=\"fa fa fa-angle-right\"><\/i>\r\n                                                    <\/a>\r\n                                                <\/div>\r\n                                                                                    <\/div>\r\n\r\n                                <\/div>                                \r\n                            \r\n                            <\/div>\r\n                                                    \r\n                    <\/div>\r\n\t\t\t\t\t                 \r\n                         \r\n                <\/div>   \r\n                               \r\n            \t    \r\n                \t\t\t\t<div class=\"rs-pagination-area\"><div class=\"nav-links\"><span aria-current=\"page\" class=\"page-numbers current\">1<\/span>\n<a class=\"page-numbers\" href=\"https:\/\/italiabrasil.com.br\/it\/wp-json\/wp\/v2\/pages\/6156\/page\/2\/\">2<\/a>\n<a class=\"page-numbers\" href=\"https:\/\/italiabrasil.com.br\/it\/wp-json\/wp\/v2\/pages\/6156\/page\/3\/\">3<\/a>\n<span class=\"page-numbers dots\">...<\/span>\n<a class=\"page-numbers\" href=\"https:\/\/italiabrasil.com.br\/it\/wp-json\/wp\/v2\/pages\/6156\/page\/115\/\">115<\/a>\n<a class=\"next page-numbers\" href=\"https:\/\/italiabrasil.com.br\/it\/wp-json\/wp\/v2\/pages\/6156\/page\/2\/\">Successiva \"<\/a><\/div><\/div>\r\n\t\t\t              \r\n\t\t<\/div>\r\n\t   \t\t\t\t<\/div>\n\t\t\t\t<\/div>\n\t\t\t\t\t<\/div>\n\t\t<\/div>\n\t\t\t\t\t<\/div>\n\t\t<\/section>\n\t\t\t\t<\/div>","protected":false},"excerpt":{"rendered":"<p>Danno concorrenziale in Brasile: doppio risarcimento La promulgazione della Legge 14.470\/2022, che ha introdotto modifiche alla Legge di Difesa della Concorrenza (Legge 12.529\/2011), ha segnato... Associati Mercato Nazionale Parola dell'esperto Read More Tragedia ambientale in RS: i danni socio-economici raggiungono i 4,6 miliardi di euro La Camera Italiana di Minas Gerais esprime solidariet\u00e0 alle persone colpite...<\/p>","protected":false},"author":1,"featured_media":0,"parent":0,"menu_order":10,"comment_status":"closed","ping_status":"closed","template":"","meta":{"_acf_changed":false,"footnotes":""},"class_list":["post-6156","page","type-page","status-publish","hentry"],"acf":[],"_links":{"self":[{"href":"https:\/\/italiabrasil.com.br\/it\/wp-json\/wp\/v2\/pages\/6156","targetHints":{"allow":["GET"]}}],"collection":[{"href":"https:\/\/italiabrasil.com.br\/it\/wp-json\/wp\/v2\/pages"}],"about":[{"href":"https:\/\/italiabrasil.com.br\/it\/wp-json\/wp\/v2\/types\/page"}],"author":[{"embeddable":true,"href":"https:\/\/italiabrasil.com.br\/it\/wp-json\/wp\/v2\/users\/1"}],"replies":[{"embeddable":true,"href":"https:\/\/italiabrasil.com.br\/it\/wp-json\/wp\/v2\/comments?post=6156"}],"version-history":[{"count":3,"href":"https:\/\/italiabrasil.com.br\/it\/wp-json\/wp\/v2\/pages\/6156\/revisions"}],"predecessor-version":[{"id":17741,"href":"https:\/\/italiabrasil.com.br\/it\/wp-json\/wp\/v2\/pages\/6156\/revisions\/17741"}],"wp:attachment":[{"href":"https:\/\/italiabrasil.com.br\/it\/wp-json\/wp\/v2\/media?parent=6156"}],"curies":[{"name":"wp","href":"https:\/\/api.w.org\/{rel}","templated":true}]}}