{"id":3,"date":"2024-01-01T15:00:33","date_gmt":"2024-01-01T18:00:33","guid":{"rendered":"https:\/\/italiabrasil.com.br\/?page_id=3"},"modified":"2024-05-07T16:43:37","modified_gmt":"2024-05-07T19:43:37","slug":"politica-de-privacidade-e-cookies","status":"publish","type":"page","link":"https:\/\/italiabrasil.com.br\/it\/politica-de-privacidade-e-cookies\/","title":{"rendered":"Pol\u00edtica de Privacidade e Cookies"},"content":{"rendered":"<h2 class=\"wp-block-heading\">Chi siamo<\/h2><p><strong class=\"privacy-policy-tutorial\">Testo suggerito: <\/strong>L'indirizzo del nostro sito web \u00e8: https:\/\/italiabrasil.com.br.<\/p><h2 class=\"wp-block-heading\">Commenti<\/h2><p><strong class=\"privacy-policy-tutorial\">Testo suggerito: <\/strong>Quando i visitatori lasciano commenti sul sito, raccogliamo i dati mostrati nel modulo dei commenti, nonch\u00e9 l'indirizzo IP e i dati del browser del visitatore, per aiutare a rilevare lo spam.<\/p><p>Una stringa anonima di caratteri creata a partire dalla vostra e-mail (chiamata anche hash) pu\u00f2 essere inviata a Gravatar per verificare l'utilizzo del servizio. L'informativa sulla privacy di Gravatar \u00e8 disponibile qui: https:\/\/automattic.com\/privacy\/. Una volta che il vostro commento \u00e8 stato approvato, la vostra immagine del profilo \u00e8 visibile pubblicamente accanto al vostro commento.<\/p><h2 class=\"wp-block-heading\">Media<\/h2><p><strong class=\"privacy-policy-tutorial\">Testo suggerito: <\/strong>Se caricate immagini sul sito, evitate di caricare immagini che contengano dati di localizzazione incorporati (EXIF GPS). I visitatori possono scaricare queste immagini dal sito ed estrarne i dati di localizzazione.<\/p><h2 class=\"wp-block-heading\">Biscotti<\/h2><p><strong class=\"privacy-policy-tutorial\">Testo suggerito: <\/strong>Quando lasciate un commento sul sito, potete scegliere di salvare il vostro nome, indirizzo e-mail e sito web nei cookie. Questo per comodit\u00e0, in modo da non dover inserire nuovamente i vostri dati quando fate un altro commento. La durata di questi cookie \u00e8 di un anno.<\/p><p>Se avete un account e accedete a questo sito, verr\u00e0 creato un cookie temporaneo per determinare se il vostro browser accetta i cookie. Non contiene dati personali e verr\u00e0 eliminato alla chiusura del browser.<\/p><p>Quando accedete al vostro account sul sito, creiamo anche diversi cookie per salvare i dati del vostro account e le vostre scelte di visualizzazione sullo schermo. I cookie di accesso vengono conservati per due giorni e quelli di scelta dello schermo per un anno. Se selezionate \"Ricordami\", il vostro accesso sar\u00e0 conservato per quindici giorni. Se si esce dal proprio account, i cookie di accesso verranno rimossi.<\/p><p>Se modificate o pubblicate un articolo, nel vostro browser verr\u00e0 salvato un ulteriore cookie. Questo cookie non contiene dati personali e indica semplicemente l'ID del post dell'articolo appena modificato. Scade dopo 1 giorno.<\/p><h2 class=\"wp-block-heading\">Media incorporati da altri siti<\/h2><p><strong class=\"privacy-policy-tutorial\">Testo suggerito: <\/strong>Gli articoli di questo sito possono includere contenuti incorporati come video, immagini, articoli, ecc. I contenuti incorporati provenienti da altri siti si comportano esattamente come se il visitatore stesse visitando l'altro sito.<\/p><p>Questi siti possono raccogliere dati sull'utente, utilizzare cookie, incorporare un ulteriore tracciamento di terze parti e monitorare l'interazione dell'utente con questo contenuto incorporato, compresa l'interazione dell'utente con il contenuto incorporato se dispone di un account e ha effettuato l'accesso al sito.<\/p><h2 class=\"wp-block-heading\">Con chi condividiamo i vostri dati<\/h2><p><strong class=\"privacy-policy-tutorial\">Testo suggerito: <\/strong>Se si richiede la reimpostazione della password, il proprio indirizzo IP sar\u00e0 incluso nell'e-mail di reimpostazione della password.<\/p><h2 class=\"wp-block-heading\">Per quanto tempo conserviamo i vostri dati<\/h2><p><strong class=\"privacy-policy-tutorial\">Testo suggerito: <\/strong>Se si lascia un commento, il commento e i suoi metadati vengono conservati a tempo indeterminato. In questo modo possiamo riconoscere e approvare automaticamente i commenti successivi, anzich\u00e9 conservarli per la moderazione.<\/p><p>Per gli utenti che si registrano sul nostro sito (se presenti), memorizziamo anche le informazioni personali fornite nel loro profilo utente. Tutti gli utenti possono visualizzare, modificare o cancellare le proprie informazioni personali in qualsiasi momento (solo il nome utente non pu\u00f2 essere modificato). Anche gli amministratori del sito possono visualizzare e modificare queste informazioni.<\/p><h2 class=\"wp-block-heading\">Quali diritti avete sui vostri dati<\/h2><p><strong class=\"privacy-policy-tutorial\">Testo suggerito: <\/strong>Se avete un account su questo sito o avete lasciato commenti, potete richiedere un file esportato dei dati personali in nostro possesso, compresi quelli che ci avete fornito. Potete anche richiedere la rimozione dei dati personali in nostro possesso. Questo non include i dati che siamo obbligati a conservare per scopi amministrativi, legali o di sicurezza.<\/p><h2 class=\"wp-block-heading\">Dove vengono inviati i vostri dati<\/h2><p><strong class=\"privacy-policy-tutorial\">Testo suggerito: <\/strong>I commenti dei visitatori possono essere segnalati da un servizio automatico di rilevamento dello spam.<\/p>","protected":false},"excerpt":{"rendered":"<p>Quem somos Texto sugerido: O endere\u00e7o do nosso site \u00e9: https:\/\/italiabrasil.com.br. Coment\u00e1rios Texto sugerido: Quando os visitantes deixam coment\u00e1rios no site, coletamos os dados mostrados no formul\u00e1rio de coment\u00e1rios, al\u00e9m do endere\u00e7o de IP e de dados do navegador do visitante, para auxiliar na detec\u00e7\u00e3o de spam. Uma sequ\u00eancia anonimizada de caracteres criada a partir&#8230;<\/p>","protected":false},"author":1,"featured_media":0,"parent":0,"menu_order":15,"comment_status":"closed","ping_status":"closed","template":"","meta":{"_acf_changed":false,"footnotes":""},"class_list":["post-3","page","type-page","status-publish","hentry"],"acf":[],"_links":{"self":[{"href":"https:\/\/italiabrasil.com.br\/it\/wp-json\/wp\/v2\/pages\/3","targetHints":{"allow":["GET"]}}],"collection":[{"href":"https:\/\/italiabrasil.com.br\/it\/wp-json\/wp\/v2\/pages"}],"about":[{"href":"https:\/\/italiabrasil.com.br\/it\/wp-json\/wp\/v2\/types\/page"}],"author":[{"embeddable":true,"href":"https:\/\/italiabrasil.com.br\/it\/wp-json\/wp\/v2\/users\/1"}],"replies":[{"embeddable":true,"href":"https:\/\/italiabrasil.com.br\/it\/wp-json\/wp\/v2\/comments?post=3"}],"version-history":[{"count":0,"href":"https:\/\/italiabrasil.com.br\/it\/wp-json\/wp\/v2\/pages\/3\/revisions"}],"wp:attachment":[{"href":"https:\/\/italiabrasil.com.br\/it\/wp-json\/wp\/v2\/media?parent=3"}],"curies":[{"name":"wp","href":"https:\/\/api.w.org\/{rel}","templated":true}]}}