{"id":17199,"date":"2024-01-01T03:08:20","date_gmt":"2024-01-01T06:08:20","guid":{"rendered":"https:\/\/italiabrasil.com.br\/?page_id=17199"},"modified":"2024-05-07T08:21:00","modified_gmt":"2024-05-07T11:21:00","slug":"desks-italia","status":"publish","type":"page","link":"https:\/\/italiabrasil.com.br\/it\/estrutura\/desks-italia\/","title":{"rendered":"Scrivanie Italia"},"content":{"rendered":"<div data-elementor-type=\"wp-page\" data-elementor-id=\"17199\" class=\"elementor elementor-17199\" data-elementor-post-type=\"page\">\n\t\t\t\t\t\t<section data-dce-background-overlay-color=\"#000000\" data-dce-background-image-url=\"https:\/\/italiabrasil.com.br\/wp-content\/uploads\/2023\/11\/bg-topo-sobre.jpg\" class=\"elementor-section elementor-top-section elementor-element elementor-element-c90fedf elementor-section-stretched elementor-section-full_width elementor-section-height-min-height elementor-section-height-default elementor-section-items-middle\" data-id=\"c90fedf\" data-element_type=\"section\" data-settings=\"{&quot;stretch_section&quot;:&quot;section-stretched&quot;,&quot;background_background&quot;:&quot;classic&quot;}\">\n\t\t\t\t\t\t\t<div class=\"elementor-background-overlay\"><\/div>\n\t\t\t\t\t\t\t<div class=\"elementor-container elementor-column-gap-default\">\n\t\t\t\t\t<div class=\"elementor-column elementor-col-100 elementor-top-column elementor-element elementor-element-8566a57\" data-id=\"8566a57\" data-element_type=\"column\">\n\t\t\t<div class=\"elementor-widget-wrap elementor-element-populated\">\n\t\t\t\t\t\t<section class=\"elementor-section elementor-inner-section elementor-element elementor-element-11d7c2b elementor-section-content-middle elementor-section-boxed elementor-section-height-default elementor-section-height-default\" data-id=\"11d7c2b\" data-element_type=\"section\">\n\t\t\t\t\t\t<div class=\"elementor-container elementor-column-gap-default\">\n\t\t\t\t\t<div class=\"elementor-column elementor-col-100 elementor-inner-column elementor-element elementor-element-fb3474d\" data-id=\"fb3474d\" data-element_type=\"column\">\n\t\t\t<div class=\"elementor-widget-wrap elementor-element-populated\">\n\t\t\t\t\t\t\t<\/div>\n\t\t<\/div>\n\t\t\t\t\t<\/div>\n\t\t<\/section>\n\t\t\t\t\t<\/div>\n\t\t<\/div>\n\t\t\t\t\t<\/div>\n\t\t<\/section>\n\t\t\t\t<section class=\"elementor-section elementor-top-section elementor-element elementor-element-d9294bd elementor-section-full_width elementor-section-stretched elementor-section-height-default elementor-section-height-default\" data-id=\"d9294bd\" data-element_type=\"section\" data-settings=\"{&quot;stretch_section&quot;:&quot;section-stretched&quot;}\">\n\t\t\t\t\t\t<div class=\"elementor-container elementor-column-gap-default\">\n\t\t\t\t\t<div class=\"elementor-column elementor-col-100 elementor-top-column elementor-element elementor-element-9c325df\" data-id=\"9c325df\" data-element_type=\"column\">\n\t\t\t<div class=\"elementor-widget-wrap elementor-element-populated\">\n\t\t\t\t\t\t<section class=\"elementor-section elementor-inner-section elementor-element elementor-element-0ada644 elementor-section-full_width elementor-section-height-default elementor-section-height-default\" data-id=\"0ada644\" data-element_type=\"section\">\n\t\t\t\t\t\t<div class=\"elementor-container elementor-column-gap-default\">\n\t\t\t\t\t<div class=\"elementor-column elementor-col-50 elementor-inner-column elementor-element elementor-element-7bca500\" data-id=\"7bca500\" data-element_type=\"column\">\n\t\t\t<div class=\"elementor-widget-wrap elementor-element-populated\">\n\t\t\t\t\t\t<div data-dce-background-color=\"#F1F2F3\" class=\"elementor-element elementor-element-1ea6c53 elementor-align-justify elementor-widget__width-inherit team-menu elementor-widget elementor-widget-button\" data-id=\"1ea6c53\" data-element_type=\"widget\" data-widget_type=\"button.default\">\n\t\t\t\t<div class=\"elementor-widget-container\">\n\t\t\t\t\t\t\t\t\t<div class=\"elementor-button-wrapper\">\n\t\t\t\t\t<a class=\"elementor-button elementor-button-link elementor-size-lg elementor-animation-bob\" href=\"https:\/\/italiabrasil.com.br\/it\/estrutura\/presidencia\/\">\n\t\t\t\t\t\t<span class=\"elementor-button-content-wrapper\">\n\t\t\t\t\t\t\t\t\t<span class=\"elementor-button-text\">Presidenza<\/span>\n\t\t\t\t\t<\/span>\n\t\t\t\t\t<\/a>\n\t\t\t\t<\/div>\n\t\t\t\t\t\t\t\t<\/div>\n\t\t\t\t<\/div>\n\t\t\t\t<div data-dce-background-color=\"#F1F2F3\" class=\"elementor-element elementor-element-210722f elementor-align-justify elementor-widget__width-inherit team-menu elementor-widget elementor-widget-button\" data-id=\"210722f\" data-element_type=\"widget\" data-widget_type=\"button.default\">\n\t\t\t\t<div class=\"elementor-widget-container\">\n\t\t\t\t\t\t\t\t\t<div class=\"elementor-button-wrapper\">\n\t\t\t\t\t<a class=\"elementor-button elementor-button-link elementor-size-lg elementor-animation-bob\" href=\"https:\/\/italiabrasil.com.br\/it\/estrutura\/vice-presidencia\/\">\n\t\t\t\t\t\t<span class=\"elementor-button-content-wrapper\">\n\t\t\t\t\t\t\t\t\t<span class=\"elementor-button-text\">Vicepresidente<\/span>\n\t\t\t\t\t<\/span>\n\t\t\t\t\t<\/a>\n\t\t\t\t<\/div>\n\t\t\t\t\t\t\t\t<\/div>\n\t\t\t\t<\/div>\n\t\t\t\t<div data-dce-background-color=\"#F1F2F3\" class=\"elementor-element elementor-element-91b0092 elementor-align-justify elementor-widget__width-inherit team-menu elementor-widget elementor-widget-button\" data-id=\"91b0092\" data-element_type=\"widget\" data-widget_type=\"button.default\">\n\t\t\t\t<div class=\"elementor-widget-container\">\n\t\t\t\t\t\t\t\t\t<div class=\"elementor-button-wrapper\">\n\t\t\t\t\t<a class=\"elementor-button elementor-button-link elementor-size-lg elementor-animation-bob\" href=\"https:\/\/italiabrasil.com.br\/it\/estrutura\/conselho-diretor\/\">\n\t\t\t\t\t\t<span class=\"elementor-button-content-wrapper\">\n\t\t\t\t\t\t\t\t\t<span class=\"elementor-button-text\">Consiglio di amministrazione<\/span>\n\t\t\t\t\t<\/span>\n\t\t\t\t\t<\/a>\n\t\t\t\t<\/div>\n\t\t\t\t\t\t\t\t<\/div>\n\t\t\t\t<\/div>\n\t\t\t\t<div data-dce-background-color=\"#F1F2F3\" class=\"elementor-element elementor-element-b102ec0 elementor-align-justify elementor-widget__width-inherit team-menu elementor-widget elementor-widget-button\" data-id=\"b102ec0\" data-element_type=\"widget\" data-widget_type=\"button.default\">\n\t\t\t\t<div class=\"elementor-widget-container\">\n\t\t\t\t\t\t\t\t\t<div class=\"elementor-button-wrapper\">\n\t\t\t\t\t<a class=\"elementor-button elementor-button-link elementor-size-lg elementor-animation-bob\" href=\"https:\/\/italiabrasil.com.br\/it\/estrutura\/conselho-fiscal\/\">\n\t\t\t\t\t\t<span class=\"elementor-button-content-wrapper\">\n\t\t\t\t\t\t\t\t\t<span class=\"elementor-button-text\">Consiglio di vigilanza<\/span>\n\t\t\t\t\t<\/span>\n\t\t\t\t\t<\/a>\n\t\t\t\t<\/div>\n\t\t\t\t\t\t\t\t<\/div>\n\t\t\t\t<\/div>\n\t\t\t\t<div data-dce-background-color=\"#F1F2F3\" class=\"elementor-element elementor-element-36db9c2 elementor-align-justify elementor-widget__width-inherit team-menu elementor-widget elementor-widget-button\" data-id=\"36db9c2\" data-element_type=\"widget\" data-widget_type=\"button.default\">\n\t\t\t\t<div class=\"elementor-widget-container\">\n\t\t\t\t\t\t\t\t\t<div class=\"elementor-button-wrapper\">\n\t\t\t\t\t<a class=\"elementor-button elementor-button-link elementor-size-lg elementor-animation-bob\" href=\"https:\/\/italiabrasil.com.br\/it\/estrutura\/conselho-honorario\/\">\n\t\t\t\t\t\t<span class=\"elementor-button-content-wrapper\">\n\t\t\t\t\t\t\t\t\t<span class=\"elementor-button-text\">Consiglio onorario<\/span>\n\t\t\t\t\t<\/span>\n\t\t\t\t\t<\/a>\n\t\t\t\t<\/div>\n\t\t\t\t\t\t\t\t<\/div>\n\t\t\t\t<\/div>\n\t\t\t\t<div data-dce-background-color=\"#F1F2F3\" class=\"elementor-element elementor-element-df605e7 elementor-align-justify elementor-widget__width-inherit team-menu elementor-widget elementor-widget-button\" data-id=\"df605e7\" data-element_type=\"widget\" data-widget_type=\"button.default\">\n\t\t\t\t<div class=\"elementor-widget-container\">\n\t\t\t\t\t\t\t\t\t<div class=\"elementor-button-wrapper\">\n\t\t\t\t\t<a class=\"elementor-button elementor-button-link elementor-size-lg elementor-animation-bob\" href=\"https:\/\/italiabrasil.com.br\/it\/estrutura\/equipe\/\">\n\t\t\t\t\t\t<span class=\"elementor-button-content-wrapper\">\n\t\t\t\t\t\t\t\t\t<span class=\"elementor-button-text\">Squadra<\/span>\n\t\t\t\t\t<\/span>\n\t\t\t\t\t<\/a>\n\t\t\t\t<\/div>\n\t\t\t\t\t\t\t\t<\/div>\n\t\t\t\t<\/div>\n\t\t\t\t<div data-dce-background-color=\"#F1F2F3\" class=\"elementor-element elementor-element-042193d elementor-align-justify elementor-widget__width-inherit team-menu elementor-widget elementor-widget-button\" data-id=\"042193d\" data-element_type=\"widget\" data-widget_type=\"button.default\">\n\t\t\t\t<div class=\"elementor-widget-container\">\n\t\t\t\t\t\t\t\t\t<div class=\"elementor-button-wrapper\">\n\t\t\t\t\t<a class=\"elementor-button elementor-button-link elementor-size-lg elementor-animation-bob\" href=\"https:\/\/italiabrasil.com.br\/it\/estrutura\/desks-mg\/\">\n\t\t\t\t\t\t<span class=\"elementor-button-content-wrapper\">\n\t\t\t\t\t\t\t\t\t<span class=\"elementor-button-text\">Scrivanie MG<\/span>\n\t\t\t\t\t<\/span>\n\t\t\t\t\t<\/a>\n\t\t\t\t<\/div>\n\t\t\t\t\t\t\t\t<\/div>\n\t\t\t\t<\/div>\n\t\t\t\t<div data-dce-background-color=\"#009FDF\" class=\"elementor-element elementor-element-27f7d5c elementor-align-justify team-menu elementor-widget elementor-widget-button\" data-id=\"27f7d5c\" data-element_type=\"widget\" data-widget_type=\"button.default\">\n\t\t\t\t<div class=\"elementor-widget-container\">\n\t\t\t\t\t\t\t\t\t<div class=\"elementor-button-wrapper\">\n\t\t\t\t\t<a class=\"elementor-button elementor-size-lg elementor-animation-bob\" role=\"button\">\n\t\t\t\t\t\t<span class=\"elementor-button-content-wrapper\">\n\t\t\t\t\t\t\t\t\t<span class=\"elementor-button-text\">Scrivanie Italia<\/span>\n\t\t\t\t\t<\/span>\n\t\t\t\t\t<\/a>\n\t\t\t\t<\/div>\n\t\t\t\t\t\t\t\t<\/div>\n\t\t\t\t<\/div>\n\t\t\t\t\t<\/div>\n\t\t<\/div>\n\t\t\t\t<div class=\"elementor-column elementor-col-50 elementor-inner-column elementor-element elementor-element-ee24953\" data-id=\"ee24953\" data-element_type=\"column\">\n\t\t\t<div class=\"elementor-widget-wrap elementor-element-populated\">\n\t\t\t\t\t\t<div class=\"elementor-element elementor-element-c47efb0 teamGrid elementor-widget elementor-widget-rsteam\" data-id=\"c47efb0\" data-element_type=\"widget\" data-widget_type=\"rsteam.default\">\n\t\t\t\t<div class=\"elementor-widget-container\">\n\t\t\t\t\t<div class=\"rs-team-grid rs-team team-grid-style4 popup rsaddon_pro_box\">\r\n\t<div class=\"row\">\r\n\t\t \t\t\t\t\t\t\r\n\t\t\t\t\t<div class=\"col-lg-4 col-md-6 team-style5\">\r\n\t\t\t\t\t\t<div class=\"team-item\">\r\n\t\t\t\t\t\t\t<div class=\"team-inner-wrap\">\r\n\t\t\t\t\t\t\t\t<div class=\"image-wrap\">\r\n\t\t\t\t\t\t\t\t\t\t\t\t\t\t\t\t\t<\/div>\r\n\t\t\t\t\t\t\t\t<div class=\"team-content\">\r\n\r\n\t\t\t\t\t\t\t\t\t\t\t\t\t\t\t\t       \t\t<h3 class=\"team-name\"><a class=\"pointer-events\" href=\"#rs_popupBox4_1\" data-effect=\"mfp-zoom-in\">Roberto Corciulo<\/a><\/h3>\r\n\t\t\t\t\t\t\t       \t\t\t\t\t\t\t\t\t\t<span class=\"team-title\">Rappresentante regionale Friuli Venezia Giulia<\/span>\r\n\t\t\t\t\t\t\t\t\t\t\t\t\t\t\t    \t\t\t\t\t\t\t    \r\n\t\t\t\t\t\t\t\t\t\r\n\t\t\t\t\t\t\t\t<\/div>\r\n\t\t\t\t\t\t\t<\/div>\r\n\t\t\t\t\t  \t<\/div>\r\n\t\t\t\t\t<\/div>\r\n\r\n\t\t\t\t<!-- Hidden PupupBox Text -->\r\n\t\t\t\t\r\n\t\t\t\t<div id=\"rs_popupBox4_1\" class=\"rspopup_style1  mfp-with-anim mfp-hide\" >\r\n\t\t\t\t\t<div class=\"row\">\r\n\t\t\t\t\t\t<div class=\"col-md-5\">\r\n\t\t\t\t\t\t\t<div class=\"rsteam_img\">\r\n\t\t\t\t\t\t\t\t\t\r\n\t\t\t\t\t  \t\t<\/div>\r\n\t\t\t\t\t\t<\/div>\r\n\t\t\t\t\t\t<div class=\"col-md-7\">\r\n\t\t\t\t\t\t\t<div class=\"rsteam_content\">\r\n\t\t\t\t\t\t\t\t<div class=\"team-content\">\r\n\t\t\t\t\t\t\t\t\t<div class=\"team-heading\">\r\n\r\n\t\t\t\t\t\t\t\t\t  \t<h3 class=\"team-name\" >Roberto Corciulo<\/h3>\r\n\t\t\t\t\t\t\t\t\t  \t<span class=\"team-title\" >Rappresentante regionale Friuli Venezia Giulia<\/span>\r\n\t\t\t\t\t\t\t\t\t<\/div> \r\n\t\t\t\t\t\t\t\t\t\r\n\r\n\t\t\t\t\t\t\t\t\t\r\n\t\t\t\t\t\t\t\t\t \r\n\t\t\t\t\t\t\t\t<\/div>\r\n\t\t\t\t\t\t\t<\/div>\r\n\t\t\t\t\t\t<\/div>\r\n\t\t\t\t\t<\/div>\r\n\t\t\t\t<\/div>\r\n\r\n\r\n\t\t\t\t\t\t\t\t\t\r\n\t\t\t\t\t<div class=\"col-lg-4 col-md-6 team-style5\">\r\n\t\t\t\t\t\t<div class=\"team-item\">\r\n\t\t\t\t\t\t\t<div class=\"team-inner-wrap\">\r\n\t\t\t\t\t\t\t\t<div class=\"image-wrap\">\r\n\t\t\t\t\t\t\t\t\t\t\t\t\t\t\t\t\t<\/div>\r\n\t\t\t\t\t\t\t\t<div class=\"team-content\">\r\n\r\n\t\t\t\t\t\t\t\t\t\t\t\t\t\t\t\t       \t\t<h3 class=\"team-name\"><a class=\"pointer-events\" href=\"#rs_popupBox4_2\" data-effect=\"mfp-zoom-in\">Franco Stola<\/a><\/h3>\r\n\t\t\t\t\t\t\t       \t\t\t\t\t\t\t\t\t\t<span class=\"team-title\">Rappresentante regionale del Piemonte<\/span>\r\n\t\t\t\t\t\t\t\t\t\t\t\t\t\t\t    \t\t\t\t\t\t\t    \r\n\t\t\t\t\t\t\t\t\t\r\n\t\t\t\t\t\t\t\t<\/div>\r\n\t\t\t\t\t\t\t<\/div>\r\n\t\t\t\t\t  \t<\/div>\r\n\t\t\t\t\t<\/div>\r\n\r\n\t\t\t\t<!-- Hidden PupupBox Text -->\r\n\t\t\t\t\r\n\t\t\t\t<div id=\"rs_popupBox4_2\" class=\"rspopup_style1  mfp-with-anim mfp-hide\" >\r\n\t\t\t\t\t<div class=\"row\">\r\n\t\t\t\t\t\t<div class=\"col-md-5\">\r\n\t\t\t\t\t\t\t<div class=\"rsteam_img\">\r\n\t\t\t\t\t\t\t\t\t\r\n\t\t\t\t\t  \t\t<\/div>\r\n\t\t\t\t\t\t<\/div>\r\n\t\t\t\t\t\t<div class=\"col-md-7\">\r\n\t\t\t\t\t\t\t<div class=\"rsteam_content\">\r\n\t\t\t\t\t\t\t\t<div class=\"team-content\">\r\n\t\t\t\t\t\t\t\t\t<div class=\"team-heading\">\r\n\r\n\t\t\t\t\t\t\t\t\t  \t<h3 class=\"team-name\" >Franco Stola<\/h3>\r\n\t\t\t\t\t\t\t\t\t  \t<span class=\"team-title\" >Rappresentante regionale del Piemonte<\/span>\r\n\t\t\t\t\t\t\t\t\t<\/div> \r\n\t\t\t\t\t\t\t\t\t\r\n\r\n\t\t\t\t\t\t\t\t\t\r\n\t\t\t\t\t\t\t\t\t \r\n\t\t\t\t\t\t\t\t<\/div>\r\n\t\t\t\t\t\t\t<\/div>\r\n\t\t\t\t\t\t<\/div>\r\n\t\t\t\t\t<\/div>\r\n\t\t\t\t<\/div>\r\n\r\n\r\n\t\t\t\t\t\t\t\t\t\r\n\t\t\t\t\t<div class=\"col-lg-4 col-md-6 team-style5\">\r\n\t\t\t\t\t\t<div class=\"team-item\">\r\n\t\t\t\t\t\t\t<div class=\"team-inner-wrap\">\r\n\t\t\t\t\t\t\t\t<div class=\"image-wrap\">\r\n\t\t\t\t\t\t\t\t\t\t\t\t\t\t\t\t\t<\/div>\r\n\t\t\t\t\t\t\t\t<div class=\"team-content\">\r\n\r\n\t\t\t\t\t\t\t\t\t\t\t\t\t\t\t\t       \t\t<h3 class=\"team-name\"><a class=\"pointer-events\" href=\"#rs_popupBox4_3\" data-effect=\"mfp-zoom-in\">Marco Valentini<\/a><\/h3>\r\n\t\t\t\t\t\t\t       \t\t\t\t\t\t\t\t\t\t<span class=\"team-title\">Rappresentante regionale del Veneto<\/span>\r\n\t\t\t\t\t\t\t\t\t\t\t\t\t\t\t    \t\t\t\t\t\t\t    \r\n\t\t\t\t\t\t\t\t\t\r\n\t\t\t\t\t\t\t\t<\/div>\r\n\t\t\t\t\t\t\t<\/div>\r\n\t\t\t\t\t  \t<\/div>\r\n\t\t\t\t\t<\/div>\r\n\r\n\t\t\t\t<!-- Hidden PupupBox Text -->\r\n\t\t\t\t\r\n\t\t\t\t<div id=\"rs_popupBox4_3\" class=\"rspopup_style1  mfp-with-anim mfp-hide\" >\r\n\t\t\t\t\t<div class=\"row\">\r\n\t\t\t\t\t\t<div class=\"col-md-5\">\r\n\t\t\t\t\t\t\t<div class=\"rsteam_img\">\r\n\t\t\t\t\t\t\t\t\t\r\n\t\t\t\t\t  \t\t<\/div>\r\n\t\t\t\t\t\t<\/div>\r\n\t\t\t\t\t\t<div class=\"col-md-7\">\r\n\t\t\t\t\t\t\t<div class=\"rsteam_content\">\r\n\t\t\t\t\t\t\t\t<div class=\"team-content\">\r\n\t\t\t\t\t\t\t\t\t<div class=\"team-heading\">\r\n\r\n\t\t\t\t\t\t\t\t\t  \t<h3 class=\"team-name\" >Marco Valentini<\/h3>\r\n\t\t\t\t\t\t\t\t\t  \t<span class=\"team-title\" >Rappresentante regionale del Veneto<\/span>\r\n\t\t\t\t\t\t\t\t\t<\/div> \r\n\t\t\t\t\t\t\t\t\t\r\n\r\n\t\t\t\t\t\t\t\t\t\r\n\t\t\t\t\t\t\t\t\t \r\n\t\t\t\t\t\t\t\t<\/div>\r\n\t\t\t\t\t\t\t<\/div>\r\n\t\t\t\t\t\t<\/div>\r\n\t\t\t\t\t<\/div>\r\n\t\t\t\t<\/div>\r\n\r\n\r\n\t\t\t\t  \r\n\t<\/div>\r\n<\/div>\t\t\t\t<\/div>\n\t\t\t\t<\/div>\n\t\t\t\t\t<\/div>\n\t\t<\/div>\n\t\t\t\t\t<\/div>\n\t\t<\/section>\n\t\t\t\t\t<\/div>\n\t\t<\/div>\n\t\t\t\t\t<\/div>\n\t\t<\/section>\n\t\t\t\t<\/div>","protected":false},"excerpt":{"rendered":"<p>Presid\u00eancia Vice-Presid\u00eancia Conselho Diretor Conselho Fiscal Conselho Honor\u00e1rio Equipe Desks MG Desks It\u00e1lia Roberto Corciulo Representante regional Friuli Venezia Giulia Roberto Corciulo Representante regional Friuli Venezia Giulia Franco Stola Representante regional Piemonte Franco Stola Representante regional Piemonte Marco Valentini Representante regional Veneto Marco Valentini Representante regional Veneto<\/p>","protected":false},"author":1,"featured_media":0,"parent":14974,"menu_order":8,"comment_status":"closed","ping_status":"closed","template":"","meta":{"_acf_changed":false,"footnotes":""},"class_list":["post-17199","page","type-page","status-publish","hentry"],"acf":[],"_links":{"self":[{"href":"https:\/\/italiabrasil.com.br\/it\/wp-json\/wp\/v2\/pages\/17199","targetHints":{"allow":["GET"]}}],"collection":[{"href":"https:\/\/italiabrasil.com.br\/it\/wp-json\/wp\/v2\/pages"}],"about":[{"href":"https:\/\/italiabrasil.com.br\/it\/wp-json\/wp\/v2\/types\/page"}],"author":[{"embeddable":true,"href":"https:\/\/italiabrasil.com.br\/it\/wp-json\/wp\/v2\/users\/1"}],"replies":[{"embeddable":true,"href":"https:\/\/italiabrasil.com.br\/it\/wp-json\/wp\/v2\/comments?post=17199"}],"version-history":[{"count":0,"href":"https:\/\/italiabrasil.com.br\/it\/wp-json\/wp\/v2\/pages\/17199\/revisions"}],"up":[{"embeddable":true,"href":"https:\/\/italiabrasil.com.br\/it\/wp-json\/wp\/v2\/pages\/14974"}],"wp:attachment":[{"href":"https:\/\/italiabrasil.com.br\/it\/wp-json\/wp\/v2\/media?parent=17199"}],"curies":[{"name":"wp","href":"https:\/\/api.w.org\/{rel}","templated":true}]}}