{"id":17008,"date":"2024-01-01T03:04:04","date_gmt":"2024-01-01T06:04:04","guid":{"rendered":"https:\/\/italiabrasil.com.br\/?page_id=17008"},"modified":"2024-05-07T08:19:38","modified_gmt":"2024-05-07T11:19:38","slug":"conselho-fiscal","status":"publish","type":"page","link":"https:\/\/italiabrasil.com.br\/it\/estrutura\/conselho-fiscal\/","title":{"rendered":"Consiglio di vigilanza"},"content":{"rendered":"<div data-elementor-type=\"wp-page\" data-elementor-id=\"17008\" class=\"elementor elementor-17008\" data-elementor-post-type=\"page\">\n\t\t\t\t\t\t<section data-dce-background-overlay-color=\"#000000\" data-dce-background-image-url=\"https:\/\/italiabrasil.com.br\/wp-content\/uploads\/2023\/11\/bg-topo-sobre.jpg\" class=\"elementor-section elementor-top-section elementor-element elementor-element-755639a elementor-section-stretched elementor-section-full_width elementor-section-height-min-height elementor-section-height-default elementor-section-items-middle\" data-id=\"755639a\" data-element_type=\"section\" data-settings=\"{&quot;stretch_section&quot;:&quot;section-stretched&quot;,&quot;background_background&quot;:&quot;classic&quot;}\">\n\t\t\t\t\t\t\t<div class=\"elementor-background-overlay\"><\/div>\n\t\t\t\t\t\t\t<div class=\"elementor-container elementor-column-gap-default\">\n\t\t\t\t\t<div class=\"elementor-column elementor-col-100 elementor-top-column elementor-element elementor-element-1df2b44\" data-id=\"1df2b44\" data-element_type=\"column\">\n\t\t\t<div class=\"elementor-widget-wrap elementor-element-populated\">\n\t\t\t\t\t\t<section class=\"elementor-section elementor-inner-section elementor-element elementor-element-b8d6ada elementor-section-content-middle elementor-section-boxed elementor-section-height-default elementor-section-height-default\" data-id=\"b8d6ada\" data-element_type=\"section\">\n\t\t\t\t\t\t<div class=\"elementor-container elementor-column-gap-default\">\n\t\t\t\t\t<div class=\"elementor-column elementor-col-100 elementor-inner-column elementor-element elementor-element-4b0f2bd\" data-id=\"4b0f2bd\" data-element_type=\"column\">\n\t\t\t<div class=\"elementor-widget-wrap elementor-element-populated\">\n\t\t\t\t\t\t\t<\/div>\n\t\t<\/div>\n\t\t\t\t\t<\/div>\n\t\t<\/section>\n\t\t\t\t\t<\/div>\n\t\t<\/div>\n\t\t\t\t\t<\/div>\n\t\t<\/section>\n\t\t\t\t<section class=\"elementor-section elementor-top-section elementor-element elementor-element-d9294bd elementor-section-full_width elementor-section-stretched elementor-section-height-default elementor-section-height-default\" data-id=\"d9294bd\" data-element_type=\"section\" data-settings=\"{&quot;stretch_section&quot;:&quot;section-stretched&quot;}\">\n\t\t\t\t\t\t<div class=\"elementor-container elementor-column-gap-default\">\n\t\t\t\t\t<div class=\"elementor-column elementor-col-100 elementor-top-column elementor-element elementor-element-9c325df\" data-id=\"9c325df\" data-element_type=\"column\">\n\t\t\t<div class=\"elementor-widget-wrap elementor-element-populated\">\n\t\t\t\t\t\t<section class=\"elementor-section elementor-inner-section elementor-element elementor-element-0ada644 elementor-section-full_width elementor-section-height-default elementor-section-height-default\" data-id=\"0ada644\" data-element_type=\"section\">\n\t\t\t\t\t\t<div class=\"elementor-container elementor-column-gap-default\">\n\t\t\t\t\t<div class=\"elementor-column elementor-col-50 elementor-inner-column elementor-element elementor-element-f57d5d7\" data-id=\"f57d5d7\" data-element_type=\"column\">\n\t\t\t<div class=\"elementor-widget-wrap elementor-element-populated\">\n\t\t\t\t\t\t<div data-dce-background-color=\"#F1F2F3\" class=\"elementor-element elementor-element-27b9fe6 elementor-align-justify elementor-widget__width-inherit team-menu elementor-widget elementor-widget-button\" data-id=\"27b9fe6\" data-element_type=\"widget\" data-widget_type=\"button.default\">\n\t\t\t\t<div class=\"elementor-widget-container\">\n\t\t\t\t\t\t\t\t\t<div class=\"elementor-button-wrapper\">\n\t\t\t\t\t<a class=\"elementor-button elementor-button-link elementor-size-lg elementor-animation-bob\" href=\"https:\/\/italiabrasil.com.br\/it\/estrutura\/presidencia\/\">\n\t\t\t\t\t\t<span class=\"elementor-button-content-wrapper\">\n\t\t\t\t\t\t\t\t\t<span class=\"elementor-button-text\">Presidenza<\/span>\n\t\t\t\t\t<\/span>\n\t\t\t\t\t<\/a>\n\t\t\t\t<\/div>\n\t\t\t\t\t\t\t\t<\/div>\n\t\t\t\t<\/div>\n\t\t\t\t<div data-dce-background-color=\"#F1F2F3\" class=\"elementor-element elementor-element-662ebf5 elementor-align-justify elementor-widget__width-inherit team-menu elementor-widget elementor-widget-button\" data-id=\"662ebf5\" data-element_type=\"widget\" data-widget_type=\"button.default\">\n\t\t\t\t<div class=\"elementor-widget-container\">\n\t\t\t\t\t\t\t\t\t<div class=\"elementor-button-wrapper\">\n\t\t\t\t\t<a class=\"elementor-button elementor-button-link elementor-size-lg elementor-animation-bob\" href=\"https:\/\/italiabrasil.com.br\/it\/estrutura\/vice-presidencia\/\">\n\t\t\t\t\t\t<span class=\"elementor-button-content-wrapper\">\n\t\t\t\t\t\t\t\t\t<span class=\"elementor-button-text\">Vicepresidente<\/span>\n\t\t\t\t\t<\/span>\n\t\t\t\t\t<\/a>\n\t\t\t\t<\/div>\n\t\t\t\t\t\t\t\t<\/div>\n\t\t\t\t<\/div>\n\t\t\t\t<div data-dce-background-color=\"#F1F2F3\" class=\"elementor-element elementor-element-741aec5 elementor-align-justify elementor-widget__width-inherit team-menu elementor-widget elementor-widget-button\" data-id=\"741aec5\" data-element_type=\"widget\" data-widget_type=\"button.default\">\n\t\t\t\t<div class=\"elementor-widget-container\">\n\t\t\t\t\t\t\t\t\t<div class=\"elementor-button-wrapper\">\n\t\t\t\t\t<a class=\"elementor-button elementor-button-link elementor-size-lg elementor-animation-bob\" href=\"https:\/\/italiabrasil.com.br\/it\/estrutura\/conselho-diretor\/\">\n\t\t\t\t\t\t<span class=\"elementor-button-content-wrapper\">\n\t\t\t\t\t\t\t\t\t<span class=\"elementor-button-text\">Consiglio di amministrazione<\/span>\n\t\t\t\t\t<\/span>\n\t\t\t\t\t<\/a>\n\t\t\t\t<\/div>\n\t\t\t\t\t\t\t\t<\/div>\n\t\t\t\t<\/div>\n\t\t\t\t<div data-dce-background-color=\"#009FDF\" class=\"elementor-element elementor-element-38aa3ec elementor-align-justify team-menu elementor-widget elementor-widget-button\" data-id=\"38aa3ec\" data-element_type=\"widget\" data-widget_type=\"button.default\">\n\t\t\t\t<div class=\"elementor-widget-container\">\n\t\t\t\t\t\t\t\t\t<div class=\"elementor-button-wrapper\">\n\t\t\t\t\t<a class=\"elementor-button elementor-size-lg elementor-animation-bob\" role=\"button\">\n\t\t\t\t\t\t<span class=\"elementor-button-content-wrapper\">\n\t\t\t\t\t\t\t\t\t<span class=\"elementor-button-text\">Consiglio di vigilanza<\/span>\n\t\t\t\t\t<\/span>\n\t\t\t\t\t<\/a>\n\t\t\t\t<\/div>\n\t\t\t\t\t\t\t\t<\/div>\n\t\t\t\t<\/div>\n\t\t\t\t<div data-dce-background-color=\"#F1F2F3\" class=\"elementor-element elementor-element-f4a0db4 elementor-align-justify elementor-widget__width-inherit team-menu elementor-widget elementor-widget-button\" data-id=\"f4a0db4\" data-element_type=\"widget\" data-widget_type=\"button.default\">\n\t\t\t\t<div class=\"elementor-widget-container\">\n\t\t\t\t\t\t\t\t\t<div class=\"elementor-button-wrapper\">\n\t\t\t\t\t<a class=\"elementor-button elementor-button-link elementor-size-lg elementor-animation-bob\" href=\"https:\/\/italiabrasil.com.br\/it\/estrutura\/conselho-honorario\/\">\n\t\t\t\t\t\t<span class=\"elementor-button-content-wrapper\">\n\t\t\t\t\t\t\t\t\t<span class=\"elementor-button-text\">Consiglio onorario<\/span>\n\t\t\t\t\t<\/span>\n\t\t\t\t\t<\/a>\n\t\t\t\t<\/div>\n\t\t\t\t\t\t\t\t<\/div>\n\t\t\t\t<\/div>\n\t\t\t\t<div data-dce-background-color=\"#F1F2F3\" class=\"elementor-element elementor-element-dcb8b61 elementor-align-justify elementor-widget__width-inherit team-menu elementor-widget elementor-widget-button\" data-id=\"dcb8b61\" data-element_type=\"widget\" data-widget_type=\"button.default\">\n\t\t\t\t<div class=\"elementor-widget-container\">\n\t\t\t\t\t\t\t\t\t<div class=\"elementor-button-wrapper\">\n\t\t\t\t\t<a class=\"elementor-button elementor-button-link elementor-size-lg elementor-animation-bob\" href=\"https:\/\/italiabrasil.com.br\/it\/estrutura\/equipe\/\">\n\t\t\t\t\t\t<span class=\"elementor-button-content-wrapper\">\n\t\t\t\t\t\t\t\t\t<span class=\"elementor-button-text\">Squadra<\/span>\n\t\t\t\t\t<\/span>\n\t\t\t\t\t<\/a>\n\t\t\t\t<\/div>\n\t\t\t\t\t\t\t\t<\/div>\n\t\t\t\t<\/div>\n\t\t\t\t<div data-dce-background-color=\"#F1F2F3\" class=\"elementor-element elementor-element-730ad78 elementor-align-justify elementor-widget__width-inherit team-menu elementor-widget elementor-widget-button\" data-id=\"730ad78\" data-element_type=\"widget\" data-widget_type=\"button.default\">\n\t\t\t\t<div class=\"elementor-widget-container\">\n\t\t\t\t\t\t\t\t\t<div class=\"elementor-button-wrapper\">\n\t\t\t\t\t<a class=\"elementor-button elementor-button-link elementor-size-lg elementor-animation-bob\" href=\"https:\/\/italiabrasil.com.br\/it\/estrutura\/desks-mg\/\">\n\t\t\t\t\t\t<span class=\"elementor-button-content-wrapper\">\n\t\t\t\t\t\t\t\t\t<span class=\"elementor-button-text\">Scrivanie MG<\/span>\n\t\t\t\t\t<\/span>\n\t\t\t\t\t<\/a>\n\t\t\t\t<\/div>\n\t\t\t\t\t\t\t\t<\/div>\n\t\t\t\t<\/div>\n\t\t\t\t<div data-dce-background-color=\"#F1F2F3\" class=\"elementor-element elementor-element-9e9bccc elementor-align-justify elementor-widget__width-inherit team-menu elementor-widget elementor-widget-button\" data-id=\"9e9bccc\" data-element_type=\"widget\" data-widget_type=\"button.default\">\n\t\t\t\t<div class=\"elementor-widget-container\">\n\t\t\t\t\t\t\t\t\t<div class=\"elementor-button-wrapper\">\n\t\t\t\t\t<a class=\"elementor-button elementor-button-link elementor-size-lg elementor-animation-bob\" href=\"https:\/\/italiabrasil.com.br\/it\/estrutura\/desks-italia\/\">\n\t\t\t\t\t\t<span class=\"elementor-button-content-wrapper\">\n\t\t\t\t\t\t\t\t\t<span class=\"elementor-button-text\">Scrivanie Italia<\/span>\n\t\t\t\t\t<\/span>\n\t\t\t\t\t<\/a>\n\t\t\t\t<\/div>\n\t\t\t\t\t\t\t\t<\/div>\n\t\t\t\t<\/div>\n\t\t\t\t\t<\/div>\n\t\t<\/div>\n\t\t\t\t<div class=\"elementor-column elementor-col-50 elementor-inner-column elementor-element elementor-element-ee24953\" data-id=\"ee24953\" data-element_type=\"column\">\n\t\t\t<div class=\"elementor-widget-wrap elementor-element-populated\">\n\t\t\t\t\t\t<div class=\"elementor-element elementor-element-c47efb0 teamGrid elementor-widget elementor-widget-rsteam\" data-id=\"c47efb0\" data-element_type=\"widget\" data-widget_type=\"rsteam.default\">\n\t\t\t\t<div class=\"elementor-widget-container\">\n\t\t\t\t\t<div class=\"rs-team-grid rs-team team-grid-style4 popup rsaddon_pro_box\">\r\n\t<div class=\"row\">\r\n\t\t \t\t\t\t\t\t\r\n\t\t\t\t\t<div class=\"col-lg-4 col-md-6 team-style5\">\r\n\t\t\t\t\t\t<div class=\"team-item\">\r\n\t\t\t\t\t\t\t<div class=\"team-inner-wrap\">\r\n\t\t\t\t\t\t\t\t<div class=\"image-wrap\">\r\n\t\t\t\t\t\t\t\t\t\t\t\t\t\t\t\t\t<\/div>\r\n\t\t\t\t\t\t\t\t<div class=\"team-content\">\r\n\r\n\t\t\t\t\t\t\t\t\t\t\t\t\t\t\t\t       \t\t<h3 class=\"team-name\"><a class=\"pointer-events\" href=\"#rs_popupBox4_1\" data-effect=\"mfp-zoom-in\">Giacomo Guarnera<\/a><\/h3>\r\n\t\t\t\t\t\t\t       \t\t\t\t\t\t\t\t\t\t<span class=\"team-title\">Consulente<\/span>\r\n\t\t\t\t\t\t\t\t\t\t\t\t\t\t\t    \t\t\t\t\t\t\t    \r\n\t\t\t\t\t\t\t\t\t\r\n\t\t\t\t\t\t\t\t<\/div>\r\n\t\t\t\t\t\t\t<\/div>\r\n\t\t\t\t\t  \t<\/div>\r\n\t\t\t\t\t<\/div>\r\n\r\n\t\t\t\t<!-- Hidden PupupBox Text -->\r\n\t\t\t\t\r\n\t\t\t\t<div id=\"rs_popupBox4_1\" class=\"rspopup_style1  mfp-with-anim mfp-hide\" >\r\n\t\t\t\t\t<div class=\"row\">\r\n\t\t\t\t\t\t<div class=\"col-md-5\">\r\n\t\t\t\t\t\t\t<div class=\"rsteam_img\">\r\n\t\t\t\t\t\t\t\t\t\r\n\t\t\t\t\t  \t\t<\/div>\r\n\t\t\t\t\t\t<\/div>\r\n\t\t\t\t\t\t<div class=\"col-md-7\">\r\n\t\t\t\t\t\t\t<div class=\"rsteam_content\">\r\n\t\t\t\t\t\t\t\t<div class=\"team-content\">\r\n\t\t\t\t\t\t\t\t\t<div class=\"team-heading\">\r\n\r\n\t\t\t\t\t\t\t\t\t  \t<h3 class=\"team-name\" >Giacomo Guarnera<\/h3>\r\n\t\t\t\t\t\t\t\t\t  \t<span class=\"team-title\" >Consulente<\/span>\r\n\t\t\t\t\t\t\t\t\t<\/div> \r\n\t\t\t\t\t\t\t\t\t\r\n\r\n\t\t\t\t\t\t\t\t\t\r\n\t\t\t\t\t\t\t\t\t \r\n\t\t\t\t\t\t\t\t<\/div>\r\n\t\t\t\t\t\t\t<\/div>\r\n\t\t\t\t\t\t<\/div>\r\n\t\t\t\t\t<\/div>\r\n\t\t\t\t<\/div>\r\n\r\n\r\n\t\t\t\t\t\t\t\t\t\r\n\t\t\t\t\t<div class=\"col-lg-4 col-md-6 team-style5\">\r\n\t\t\t\t\t\t<div class=\"team-item\">\r\n\t\t\t\t\t\t\t<div class=\"team-inner-wrap\">\r\n\t\t\t\t\t\t\t\t<div class=\"image-wrap\">\r\n\t\t\t\t\t\t\t\t\t\t\t\t\t\t\t\t\t    \t<a class=\"pointer-events\" href=\"#rs_popupBox4_2\" data-effect=\"mfp-zoom-in\">\r\n\t\t\t\t\t\t\t\t\t\t\t<img fetchpriority=\"high\" decoding=\"async\" width=\"400\" height=\"400\" src=\"https:\/\/italiabrasil.com.br\/wp-content\/uploads\/2024\/03\/Paolo_Resmini-1-2.jpg\" class=\"attachment-full size-full wp-post-image\" alt=\"\" srcset=\"https:\/\/italiabrasil.com.br\/wp-content\/uploads\/2024\/03\/Paolo_Resmini-1-2.jpg 400w, https:\/\/italiabrasil.com.br\/wp-content\/uploads\/2024\/03\/Paolo_Resmini-1-2-300x300.jpg 300w, https:\/\/italiabrasil.com.br\/wp-content\/uploads\/2024\/03\/Paolo_Resmini-1-2-150x150.jpg 150w, https:\/\/italiabrasil.com.br\/wp-content\/uploads\/2024\/03\/Paolo_Resmini-1-2-120x120.jpg 120w, https:\/\/italiabrasil.com.br\/wp-content\/uploads\/2024\/03\/Paolo_Resmini-1-2-220x220.jpg 220w, https:\/\/italiabrasil.com.br\/wp-content\/uploads\/2024\/03\/Paolo_Resmini-1-2-390x390.jpg 390w\" sizes=\"(max-width: 400px) 100vw, 400px\" \/>\t\t\t\t\t\t\t\t\t\t<\/a>\r\n\t\t\t\t\t\t\t\t\t\t\t\t\t\t\t\t\t<\/div>\r\n\t\t\t\t\t\t\t\t<div class=\"team-content\">\r\n\r\n\t\t\t\t\t\t\t\t\t\t\t\t\t\t\t\t       \t\t<h3 class=\"team-name\"><a class=\"pointer-events\" href=\"#rs_popupBox4_2\" data-effect=\"mfp-zoom-in\">Paolo Resmini<\/a><\/h3>\r\n\t\t\t\t\t\t\t       \t\t\t\t\t\t\t\t\t\t<span class=\"team-title\">Consulente<\/span>\r\n\t\t\t\t\t\t\t\t\t\t\t\t\t\t\t    \t\t\t\t\t\t\t    \r\n\t\t\t\t\t\t\t\t\t\r\n\t\t\t\t\t\t\t\t<\/div>\r\n\t\t\t\t\t\t\t<\/div>\r\n\t\t\t\t\t  \t<\/div>\r\n\t\t\t\t\t<\/div>\r\n\r\n\t\t\t\t<!-- Hidden PupupBox Text -->\r\n\t\t\t\t\r\n\t\t\t\t<div id=\"rs_popupBox4_2\" class=\"rspopup_style1  mfp-with-anim mfp-hide\" >\r\n\t\t\t\t\t<div class=\"row\">\r\n\t\t\t\t\t\t<div class=\"col-md-5\">\r\n\t\t\t\t\t\t\t<div class=\"rsteam_img\">\r\n\t\t\t\t\t\t\t\t<img fetchpriority=\"high\" decoding=\"async\" width=\"400\" height=\"400\" src=\"https:\/\/italiabrasil.com.br\/wp-content\/uploads\/2024\/03\/Paolo_Resmini-1-2.jpg\" class=\"attachment-full size-full wp-post-image\" alt=\"\" srcset=\"https:\/\/italiabrasil.com.br\/wp-content\/uploads\/2024\/03\/Paolo_Resmini-1-2.jpg 400w, https:\/\/italiabrasil.com.br\/wp-content\/uploads\/2024\/03\/Paolo_Resmini-1-2-300x300.jpg 300w, https:\/\/italiabrasil.com.br\/wp-content\/uploads\/2024\/03\/Paolo_Resmini-1-2-150x150.jpg 150w, https:\/\/italiabrasil.com.br\/wp-content\/uploads\/2024\/03\/Paolo_Resmini-1-2-120x120.jpg 120w, https:\/\/italiabrasil.com.br\/wp-content\/uploads\/2024\/03\/Paolo_Resmini-1-2-220x220.jpg 220w, https:\/\/italiabrasil.com.br\/wp-content\/uploads\/2024\/03\/Paolo_Resmini-1-2-390x390.jpg 390w\" sizes=\"(max-width: 400px) 100vw, 400px\" \/>\t\r\n\t\t\t\t\t  \t\t<\/div>\r\n\t\t\t\t\t\t<\/div>\r\n\t\t\t\t\t\t<div class=\"col-md-7\">\r\n\t\t\t\t\t\t\t<div class=\"rsteam_content\">\r\n\t\t\t\t\t\t\t\t<div class=\"team-content\">\r\n\t\t\t\t\t\t\t\t\t<div class=\"team-heading\">\r\n\r\n\t\t\t\t\t\t\t\t\t  \t<h3 class=\"team-name\" >Paolo Resmini<\/h3>\r\n\t\t\t\t\t\t\t\t\t  \t<span class=\"team-title\" >Consulente<\/span>\r\n\t\t\t\t\t\t\t\t\t<\/div> \r\n\t\t\t\t\t\t\t\t\t\r\n\r\n\t\t\t\t\t\t\t\t\t\r\n\t\t\t\t\t\t\t\t\t \r\n\t\t\t\t\t\t\t\t<\/div>\r\n\t\t\t\t\t\t\t<\/div>\r\n\t\t\t\t\t\t<\/div>\r\n\t\t\t\t\t<\/div>\r\n\t\t\t\t<\/div>\r\n\r\n\r\n\t\t\t\t\t\t\t\t\t\r\n\t\t\t\t\t<div class=\"col-lg-4 col-md-6 team-style5\">\r\n\t\t\t\t\t\t<div class=\"team-item\">\r\n\t\t\t\t\t\t\t<div class=\"team-inner-wrap\">\r\n\t\t\t\t\t\t\t\t<div class=\"image-wrap\">\r\n\t\t\t\t\t\t\t\t\t\t\t\t\t\t\t\t\t<\/div>\r\n\t\t\t\t\t\t\t\t<div class=\"team-content\">\r\n\r\n\t\t\t\t\t\t\t\t\t\t\t\t\t\t\t\t       \t\t<h3 class=\"team-name\"><a class=\"pointer-events\" href=\"#rs_popupBox4_3\" data-effect=\"mfp-zoom-in\">Giorgio Collina<\/a><\/h3>\r\n\t\t\t\t\t\t\t       \t\t\t\t\t\t\t\t\t\t<span class=\"team-title\">Consulente<\/span>\r\n\t\t\t\t\t\t\t\t\t\t\t\t\t\t\t    \t\t\t\t\t\t\t    \r\n\t\t\t\t\t\t\t\t\t\r\n\t\t\t\t\t\t\t\t<\/div>\r\n\t\t\t\t\t\t\t<\/div>\r\n\t\t\t\t\t  \t<\/div>\r\n\t\t\t\t\t<\/div>\r\n\r\n\t\t\t\t<!-- Hidden PupupBox Text -->\r\n\t\t\t\t\r\n\t\t\t\t<div id=\"rs_popupBox4_3\" class=\"rspopup_style1  mfp-with-anim mfp-hide\" >\r\n\t\t\t\t\t<div class=\"row\">\r\n\t\t\t\t\t\t<div class=\"col-md-5\">\r\n\t\t\t\t\t\t\t<div class=\"rsteam_img\">\r\n\t\t\t\t\t\t\t\t\t\r\n\t\t\t\t\t  \t\t<\/div>\r\n\t\t\t\t\t\t<\/div>\r\n\t\t\t\t\t\t<div class=\"col-md-7\">\r\n\t\t\t\t\t\t\t<div class=\"rsteam_content\">\r\n\t\t\t\t\t\t\t\t<div class=\"team-content\">\r\n\t\t\t\t\t\t\t\t\t<div class=\"team-heading\">\r\n\r\n\t\t\t\t\t\t\t\t\t  \t<h3 class=\"team-name\" >Giorgio Collina<\/h3>\r\n\t\t\t\t\t\t\t\t\t  \t<span class=\"team-title\" >Consulente<\/span>\r\n\t\t\t\t\t\t\t\t\t<\/div> \r\n\t\t\t\t\t\t\t\t\t\r\n\r\n\t\t\t\t\t\t\t\t\t\r\n\t\t\t\t\t\t\t\t\t \r\n\t\t\t\t\t\t\t\t<\/div>\r\n\t\t\t\t\t\t\t<\/div>\r\n\t\t\t\t\t\t<\/div>\r\n\t\t\t\t\t<\/div>\r\n\t\t\t\t<\/div>\r\n\r\n\r\n\t\t\t\t  \r\n\t<\/div>\r\n<\/div>\t\t\t\t<\/div>\n\t\t\t\t<\/div>\n\t\t\t\t\t<\/div>\n\t\t<\/div>\n\t\t\t\t\t<\/div>\n\t\t<\/section>\n\t\t\t\t\t<\/div>\n\t\t<\/div>\n\t\t\t\t\t<\/div>\n\t\t<\/section>\n\t\t\t\t<\/div>","protected":false},"excerpt":{"rendered":"<p>Presid\u00eancia Vice-Presid\u00eancia Conselho Diretor Conselho Fiscal Conselho Honor\u00e1rio Equipe Desks MG Desks It\u00e1lia Giacomo Guarnera Conselheiro Giacomo Guarnera Conselheiro Paolo Resmini Conselheiro Paolo Resmini Conselheiro Giorgio Collina Conselheiro Giorgio Collina Conselheiro<\/p>","protected":false},"author":1,"featured_media":0,"parent":14974,"menu_order":4,"comment_status":"closed","ping_status":"closed","template":"","meta":{"_acf_changed":false,"footnotes":""},"class_list":["post-17008","page","type-page","status-publish","hentry"],"acf":[],"_links":{"self":[{"href":"https:\/\/italiabrasil.com.br\/it\/wp-json\/wp\/v2\/pages\/17008","targetHints":{"allow":["GET"]}}],"collection":[{"href":"https:\/\/italiabrasil.com.br\/it\/wp-json\/wp\/v2\/pages"}],"about":[{"href":"https:\/\/italiabrasil.com.br\/it\/wp-json\/wp\/v2\/types\/page"}],"author":[{"embeddable":true,"href":"https:\/\/italiabrasil.com.br\/it\/wp-json\/wp\/v2\/users\/1"}],"replies":[{"embeddable":true,"href":"https:\/\/italiabrasil.com.br\/it\/wp-json\/wp\/v2\/comments?post=17008"}],"version-history":[{"count":0,"href":"https:\/\/italiabrasil.com.br\/it\/wp-json\/wp\/v2\/pages\/17008\/revisions"}],"up":[{"embeddable":true,"href":"https:\/\/italiabrasil.com.br\/it\/wp-json\/wp\/v2\/pages\/14974"}],"wp:attachment":[{"href":"https:\/\/italiabrasil.com.br\/it\/wp-json\/wp\/v2\/media?parent=17008"}],"curies":[{"name":"wp","href":"https:\/\/api.w.org\/{rel}","templated":true}]}}