{"id":14770,"date":"2024-01-01T03:01:09","date_gmt":"2024-01-01T06:01:09","guid":{"rendered":"https:\/\/italiabrasil.com.br\/?page_id=14770"},"modified":"2024-07-10T11:34:54","modified_gmt":"2024-07-10T14:34:54","slug":"presidencia","status":"publish","type":"page","link":"https:\/\/italiabrasil.com.br\/it\/estrutura\/presidencia\/","title":{"rendered":"Presidenza"},"content":{"rendered":"<div data-elementor-type=\"wp-page\" data-elementor-id=\"14770\" class=\"elementor elementor-14770\" data-elementor-post-type=\"page\">\n\t\t\t\t\t\t<section data-dce-background-overlay-color=\"#000000\" data-dce-background-image-url=\"https:\/\/italiabrasil.com.br\/wp-content\/uploads\/2023\/11\/bg-topo-sobre.jpg\" class=\"elementor-section elementor-top-section elementor-element elementor-element-c2bf2da elementor-section-stretched elementor-section-full_width elementor-section-height-min-height elementor-section-height-default elementor-section-items-middle\" data-id=\"c2bf2da\" data-element_type=\"section\" data-settings=\"{&quot;stretch_section&quot;:&quot;section-stretched&quot;,&quot;background_background&quot;:&quot;classic&quot;}\">\n\t\t\t\t\t\t\t<div class=\"elementor-background-overlay\"><\/div>\n\t\t\t\t\t\t\t<div class=\"elementor-container elementor-column-gap-default\">\n\t\t\t\t\t<div class=\"elementor-column elementor-col-100 elementor-top-column elementor-element elementor-element-d95bc6e\" data-id=\"d95bc6e\" data-element_type=\"column\">\n\t\t\t<div class=\"elementor-widget-wrap elementor-element-populated\">\n\t\t\t\t\t\t<section class=\"elementor-section elementor-inner-section elementor-element elementor-element-4ad5e2a elementor-section-content-middle elementor-section-boxed elementor-section-height-default elementor-section-height-default\" data-id=\"4ad5e2a\" data-element_type=\"section\">\n\t\t\t\t\t\t<div class=\"elementor-container elementor-column-gap-default\">\n\t\t\t\t\t<div class=\"elementor-column elementor-col-100 elementor-inner-column elementor-element elementor-element-4bd1d1b\" data-id=\"4bd1d1b\" data-element_type=\"column\">\n\t\t\t<div class=\"elementor-widget-wrap elementor-element-populated\">\n\t\t\t\t\t\t\t<\/div>\n\t\t<\/div>\n\t\t\t\t\t<\/div>\n\t\t<\/section>\n\t\t\t\t\t<\/div>\n\t\t<\/div>\n\t\t\t\t\t<\/div>\n\t\t<\/section>\n\t\t\t\t<section class=\"elementor-section elementor-top-section elementor-element elementor-element-d9294bd elementor-section-full_width elementor-section-stretched elementor-section-height-default elementor-section-height-default\" data-id=\"d9294bd\" data-element_type=\"section\" data-settings=\"{&quot;stretch_section&quot;:&quot;section-stretched&quot;}\">\n\t\t\t\t\t\t<div class=\"elementor-container elementor-column-gap-default\">\n\t\t\t\t\t<div class=\"elementor-column elementor-col-100 elementor-top-column elementor-element elementor-element-9c325df\" data-id=\"9c325df\" data-element_type=\"column\">\n\t\t\t<div class=\"elementor-widget-wrap elementor-element-populated\">\n\t\t\t\t\t\t<section class=\"elementor-section elementor-inner-section elementor-element elementor-element-0ada644 elementor-section-full_width elementor-section-height-default elementor-section-height-default\" data-id=\"0ada644\" data-element_type=\"section\">\n\t\t\t\t\t\t<div class=\"elementor-container elementor-column-gap-default\">\n\t\t\t\t\t<div class=\"elementor-column elementor-col-50 elementor-inner-column elementor-element elementor-element-8bbb471\" data-id=\"8bbb471\" data-element_type=\"column\">\n\t\t\t<div class=\"elementor-widget-wrap elementor-element-populated\">\n\t\t\t\t\t\t<div data-dce-background-color=\"#009FDF\" class=\"elementor-element elementor-element-7e0122c elementor-align-justify team-menu elementor-widget elementor-widget-button\" data-id=\"7e0122c\" data-element_type=\"widget\" data-widget_type=\"button.default\">\n\t\t\t\t<div class=\"elementor-widget-container\">\n\t\t\t\t\t\t\t\t\t<div class=\"elementor-button-wrapper\">\n\t\t\t\t\t<a class=\"elementor-button elementor-size-lg elementor-animation-bob\" role=\"button\">\n\t\t\t\t\t\t<span class=\"elementor-button-content-wrapper\">\n\t\t\t\t\t\t\t\t\t<span class=\"elementor-button-text\">Presidenza<\/span>\n\t\t\t\t\t<\/span>\n\t\t\t\t\t<\/a>\n\t\t\t\t<\/div>\n\t\t\t\t\t\t\t\t<\/div>\n\t\t\t\t<\/div>\n\t\t\t\t<div data-dce-background-color=\"#F1F2F3\" class=\"elementor-element elementor-element-916f6d1 elementor-align-justify elementor-widget__width-inherit team-menu elementor-widget elementor-widget-button\" data-id=\"916f6d1\" data-element_type=\"widget\" data-widget_type=\"button.default\">\n\t\t\t\t<div class=\"elementor-widget-container\">\n\t\t\t\t\t\t\t\t\t<div class=\"elementor-button-wrapper\">\n\t\t\t\t\t<a class=\"elementor-button elementor-button-link elementor-size-lg elementor-animation-bob\" href=\"https:\/\/italiabrasil.com.br\/it\/estrutura\/vice-presidencia\/\">\n\t\t\t\t\t\t<span class=\"elementor-button-content-wrapper\">\n\t\t\t\t\t\t\t\t\t<span class=\"elementor-button-text\">Vicepresidente<\/span>\n\t\t\t\t\t<\/span>\n\t\t\t\t\t<\/a>\n\t\t\t\t<\/div>\n\t\t\t\t\t\t\t\t<\/div>\n\t\t\t\t<\/div>\n\t\t\t\t<div data-dce-background-color=\"#F1F2F3\" class=\"elementor-element elementor-element-9f4d64e elementor-align-justify elementor-widget__width-inherit team-menu elementor-widget elementor-widget-button\" data-id=\"9f4d64e\" data-element_type=\"widget\" data-widget_type=\"button.default\">\n\t\t\t\t<div class=\"elementor-widget-container\">\n\t\t\t\t\t\t\t\t\t<div class=\"elementor-button-wrapper\">\n\t\t\t\t\t<a class=\"elementor-button elementor-button-link elementor-size-lg elementor-animation-bob\" href=\"https:\/\/italiabrasil.com.br\/it\/estrutura\/conselho-diretor\/\">\n\t\t\t\t\t\t<span class=\"elementor-button-content-wrapper\">\n\t\t\t\t\t\t\t\t\t<span class=\"elementor-button-text\">Consiglio di amministrazione<\/span>\n\t\t\t\t\t<\/span>\n\t\t\t\t\t<\/a>\n\t\t\t\t<\/div>\n\t\t\t\t\t\t\t\t<\/div>\n\t\t\t\t<\/div>\n\t\t\t\t<div data-dce-background-color=\"#F1F2F3\" class=\"elementor-element elementor-element-7776a92 elementor-align-justify elementor-widget__width-inherit team-menu elementor-widget elementor-widget-button\" data-id=\"7776a92\" data-element_type=\"widget\" data-widget_type=\"button.default\">\n\t\t\t\t<div class=\"elementor-widget-container\">\n\t\t\t\t\t\t\t\t\t<div class=\"elementor-button-wrapper\">\n\t\t\t\t\t<a class=\"elementor-button elementor-button-link elementor-size-lg elementor-animation-bob\" href=\"https:\/\/italiabrasil.com.br\/it\/estrutura\/conselho-fiscal\/\">\n\t\t\t\t\t\t<span class=\"elementor-button-content-wrapper\">\n\t\t\t\t\t\t\t\t\t<span class=\"elementor-button-text\">Consiglio di vigilanza<\/span>\n\t\t\t\t\t<\/span>\n\t\t\t\t\t<\/a>\n\t\t\t\t<\/div>\n\t\t\t\t\t\t\t\t<\/div>\n\t\t\t\t<\/div>\n\t\t\t\t<div data-dce-background-color=\"#F1F2F3\" class=\"elementor-element elementor-element-97e41cf elementor-align-justify elementor-widget__width-inherit team-menu elementor-widget elementor-widget-button\" data-id=\"97e41cf\" data-element_type=\"widget\" data-widget_type=\"button.default\">\n\t\t\t\t<div class=\"elementor-widget-container\">\n\t\t\t\t\t\t\t\t\t<div class=\"elementor-button-wrapper\">\n\t\t\t\t\t<a class=\"elementor-button elementor-button-link elementor-size-lg elementor-animation-bob\" href=\"https:\/\/italiabrasil.com.br\/it\/estrutura\/conselho-honorario\/\">\n\t\t\t\t\t\t<span class=\"elementor-button-content-wrapper\">\n\t\t\t\t\t\t\t\t\t<span class=\"elementor-button-text\">Consiglio onorario<\/span>\n\t\t\t\t\t<\/span>\n\t\t\t\t\t<\/a>\n\t\t\t\t<\/div>\n\t\t\t\t\t\t\t\t<\/div>\n\t\t\t\t<\/div>\n\t\t\t\t<div data-dce-background-color=\"#F1F2F3\" class=\"elementor-element elementor-element-411a534 elementor-align-justify elementor-widget__width-inherit team-menu elementor-widget elementor-widget-button\" data-id=\"411a534\" data-element_type=\"widget\" data-widget_type=\"button.default\">\n\t\t\t\t<div class=\"elementor-widget-container\">\n\t\t\t\t\t\t\t\t\t<div class=\"elementor-button-wrapper\">\n\t\t\t\t\t<a class=\"elementor-button elementor-button-link elementor-size-lg elementor-animation-bob\" href=\"https:\/\/italiabrasil.com.br\/it\/estrutura\/equipe\/\">\n\t\t\t\t\t\t<span class=\"elementor-button-content-wrapper\">\n\t\t\t\t\t\t\t\t\t<span class=\"elementor-button-text\">Squadra<\/span>\n\t\t\t\t\t<\/span>\n\t\t\t\t\t<\/a>\n\t\t\t\t<\/div>\n\t\t\t\t\t\t\t\t<\/div>\n\t\t\t\t<\/div>\n\t\t\t\t<div data-dce-background-color=\"#F1F2F3\" class=\"elementor-element elementor-element-f924f17 elementor-align-justify elementor-widget__width-inherit team-menu elementor-widget elementor-widget-button\" data-id=\"f924f17\" data-element_type=\"widget\" data-widget_type=\"button.default\">\n\t\t\t\t<div class=\"elementor-widget-container\">\n\t\t\t\t\t\t\t\t\t<div class=\"elementor-button-wrapper\">\n\t\t\t\t\t<a class=\"elementor-button elementor-button-link elementor-size-lg elementor-animation-bob\" href=\"https:\/\/italiabrasil.com.br\/it\/estrutura\/desks-mg\/\">\n\t\t\t\t\t\t<span class=\"elementor-button-content-wrapper\">\n\t\t\t\t\t\t\t\t\t<span class=\"elementor-button-text\">Scrivanie MG<\/span>\n\t\t\t\t\t<\/span>\n\t\t\t\t\t<\/a>\n\t\t\t\t<\/div>\n\t\t\t\t\t\t\t\t<\/div>\n\t\t\t\t<\/div>\n\t\t\t\t<div data-dce-background-color=\"#F1F2F3\" class=\"elementor-element elementor-element-8686e5f elementor-align-justify elementor-widget__width-inherit team-menu elementor-widget elementor-widget-button\" data-id=\"8686e5f\" data-element_type=\"widget\" data-widget_type=\"button.default\">\n\t\t\t\t<div class=\"elementor-widget-container\">\n\t\t\t\t\t\t\t\t\t<div class=\"elementor-button-wrapper\">\n\t\t\t\t\t<a class=\"elementor-button elementor-button-link elementor-size-lg elementor-animation-bob\" href=\"https:\/\/italiabrasil.com.br\/it\/estrutura\/desks-italia\/\">\n\t\t\t\t\t\t<span class=\"elementor-button-content-wrapper\">\n\t\t\t\t\t\t\t\t\t<span class=\"elementor-button-text\">Scrivanie Italia<\/span>\n\t\t\t\t\t<\/span>\n\t\t\t\t\t<\/a>\n\t\t\t\t<\/div>\n\t\t\t\t\t\t\t\t<\/div>\n\t\t\t\t<\/div>\n\t\t\t\t\t<\/div>\n\t\t<\/div>\n\t\t\t\t<div class=\"elementor-column elementor-col-50 elementor-inner-column elementor-element elementor-element-ee24953\" data-id=\"ee24953\" data-element_type=\"column\">\n\t\t\t<div class=\"elementor-widget-wrap elementor-element-populated\">\n\t\t\t\t\t\t<div class=\"elementor-element elementor-element-c47efb0 teamGrid elementor-widget elementor-widget-rsteam\" data-id=\"c47efb0\" data-element_type=\"widget\" data-widget_type=\"rsteam.default\">\n\t\t\t\t<div class=\"elementor-widget-container\">\n\t\t\t\t\t<div class=\"rs-team-grid rs-team team-grid-style4 popup rsaddon_pro_box\">\r\n\t<div class=\"row\">\r\n\t\t \t\t\t\t\t\t\r\n\t\t\t\t\t<div class=\"col-lg-4 col-md-6 team-style5\">\r\n\t\t\t\t\t\t<div class=\"team-item\">\r\n\t\t\t\t\t\t\t<div class=\"team-inner-wrap\">\r\n\t\t\t\t\t\t\t\t<div class=\"image-wrap\">\r\n\t\t\t\t\t\t\t\t\t\t\t\t\t\t\t\t\t    \t<a class=\"pointer-events\" href=\"#rs_popupBox4_1\" data-effect=\"mfp-zoom-in\">\r\n\t\t\t\t\t\t\t\t\t\t\t<img fetchpriority=\"high\" decoding=\"async\" width=\"400\" height=\"400\" src=\"https:\/\/italiabrasil.com.br\/wp-content\/uploads\/2020\/09\/Valentino-Rizzioli-2-Nereu-Jr.jpg\" class=\"attachment-full size-full wp-post-image\" alt=\"\" srcset=\"https:\/\/italiabrasil.com.br\/wp-content\/uploads\/2020\/09\/Valentino-Rizzioli-2-Nereu-Jr.jpg 400w, https:\/\/italiabrasil.com.br\/wp-content\/uploads\/2020\/09\/Valentino-Rizzioli-2-Nereu-Jr-300x300.jpg 300w, https:\/\/italiabrasil.com.br\/wp-content\/uploads\/2020\/09\/Valentino-Rizzioli-2-Nereu-Jr-150x150.jpg 150w, https:\/\/italiabrasil.com.br\/wp-content\/uploads\/2020\/09\/Valentino-Rizzioli-2-Nereu-Jr-120x120.jpg 120w, https:\/\/italiabrasil.com.br\/wp-content\/uploads\/2020\/09\/Valentino-Rizzioli-2-Nereu-Jr-220x220.jpg 220w, https:\/\/italiabrasil.com.br\/wp-content\/uploads\/2020\/09\/Valentino-Rizzioli-2-Nereu-Jr-390x390.jpg 390w\" sizes=\"(max-width: 400px) 100vw, 400px\" \/>\t\t\t\t\t\t\t\t\t\t<\/a>\r\n\t\t\t\t\t\t\t\t\t\t\t\t\t\t\t\t\t<\/div>\r\n\t\t\t\t\t\t\t\t<div class=\"team-content\">\r\n\r\n\t\t\t\t\t\t\t\t\t\t\t\t\t\t\t\t       \t\t<h3 class=\"team-name\"><a class=\"pointer-events\" href=\"#rs_popupBox4_1\" data-effect=\"mfp-zoom-in\">Valentino Rizzioli<\/a><\/h3>\r\n\t\t\t\t\t\t\t       \t\t\t\t\t\t\t\t\t\t<span class=\"team-title\">Presidente<\/span>\r\n\t\t\t\t\t\t\t\t\t\t\t\t\t\t\t\t\t\t\t<p class=\"team-desc\">Credito d'immagine: Alexandre Igor<\/p>\r\n\t\t\t\t\t\t\t\t\t\t\t\t\t\t\t    \t\t\t\t\t\t\t    \r\n\t\t\t\t\t\t\t\t\t\r\n\t\t\t\t\t\t\t\t<\/div>\r\n\t\t\t\t\t\t\t<\/div>\r\n\t\t\t\t\t  \t<\/div>\r\n\t\t\t\t\t<\/div>\r\n\r\n\t\t\t\t<!-- Hidden PupupBox Text -->\r\n\t\t\t\t\r\n\t\t\t\t<div id=\"rs_popupBox4_1\" class=\"rspopup_style1  mfp-with-anim mfp-hide\" >\r\n\t\t\t\t\t<div class=\"row\">\r\n\t\t\t\t\t\t<div class=\"col-md-5\">\r\n\t\t\t\t\t\t\t<div class=\"rsteam_img\">\r\n\t\t\t\t\t\t\t\t<img fetchpriority=\"high\" decoding=\"async\" width=\"400\" height=\"400\" src=\"https:\/\/italiabrasil.com.br\/wp-content\/uploads\/2020\/09\/Valentino-Rizzioli-2-Nereu-Jr.jpg\" class=\"attachment-full size-full wp-post-image\" alt=\"\" srcset=\"https:\/\/italiabrasil.com.br\/wp-content\/uploads\/2020\/09\/Valentino-Rizzioli-2-Nereu-Jr.jpg 400w, https:\/\/italiabrasil.com.br\/wp-content\/uploads\/2020\/09\/Valentino-Rizzioli-2-Nereu-Jr-300x300.jpg 300w, https:\/\/italiabrasil.com.br\/wp-content\/uploads\/2020\/09\/Valentino-Rizzioli-2-Nereu-Jr-150x150.jpg 150w, https:\/\/italiabrasil.com.br\/wp-content\/uploads\/2020\/09\/Valentino-Rizzioli-2-Nereu-Jr-120x120.jpg 120w, https:\/\/italiabrasil.com.br\/wp-content\/uploads\/2020\/09\/Valentino-Rizzioli-2-Nereu-Jr-220x220.jpg 220w, https:\/\/italiabrasil.com.br\/wp-content\/uploads\/2020\/09\/Valentino-Rizzioli-2-Nereu-Jr-390x390.jpg 390w\" sizes=\"(max-width: 400px) 100vw, 400px\" \/>\t\r\n\t\t\t\t\t  \t\t<\/div>\r\n\t\t\t\t\t\t<\/div>\r\n\t\t\t\t\t\t<div class=\"col-md-7\">\r\n\t\t\t\t\t\t\t<div class=\"rsteam_content\">\r\n\t\t\t\t\t\t\t\t<div class=\"team-content\">\r\n\t\t\t\t\t\t\t\t\t<div class=\"team-heading\">\r\n\r\n\t\t\t\t\t\t\t\t\t  \t<h3 class=\"team-name\" >Valentino Rizzioli<\/h3>\r\n\t\t\t\t\t\t\t\t\t  \t<span class=\"team-title\" >Presidente<\/span>\r\n\t\t\t\t\t\t\t\t\t<\/div> \r\n\t\t\t\t\t\t\t\t\t\t\t\t\t\t\t\t\t\t<div class=\"team-des\" >\r\n\t\t\t\t\t\t\t\t\t  \tPrimo direttore a venire a fondare la FIAT a Minas Gerais. \u00c8 stato presidente di CNH, vicepresidente di FIAT e ha lavorato per oltre 25 anni nel gruppo. Attuale presidente della Camera di Commercio Italiana di Minas Gerais, presidente del Gruppo Esponenti Italiani (GEI) e presidente della Camera dell'Automotive e della Mobilit\u00e0 della FIEMG. Foto: Nereu Jr.\t\t\t\t\t\t\t\t\t<\/div>\r\n\t\t\t\t\t\t\t\t\t\r\n\r\n\t\t\t\t\t\t\t\t\t\r\n\t\t\t\t\t\t\t\t\t \r\n\t\t\t\t\t\t\t\t<\/div>\r\n\t\t\t\t\t\t\t<\/div>\r\n\t\t\t\t\t\t<\/div>\r\n\t\t\t\t\t<\/div>\r\n\t\t\t\t<\/div>\r\n\r\n\r\n\t\t\t\t\t\t\t\t\t\r\n\t\t\t\t\t<div class=\"col-lg-4 col-md-6 team-style5\">\r\n\t\t\t\t\t\t<div class=\"team-item\">\r\n\t\t\t\t\t\t\t<div class=\"team-inner-wrap\">\r\n\t\t\t\t\t\t\t\t<div class=\"image-wrap\">\r\n\t\t\t\t\t\t\t\t\t\t\t\t\t\t\t\t\t    \t<a class=\"pointer-events\" href=\"#rs_popupBox4_2\" data-effect=\"mfp-zoom-in\">\r\n\t\t\t\t\t\t\t\t\t\t\t<img decoding=\"async\" width=\"400\" height=\"400\" src=\"https:\/\/italiabrasil.com.br\/wp-content\/uploads\/2020\/09\/Raffaele-Peano-1.jpg\" class=\"attachment-full size-full wp-post-image\" alt=\"\" srcset=\"https:\/\/italiabrasil.com.br\/wp-content\/uploads\/2020\/09\/Raffaele-Peano-1.jpg 400w, https:\/\/italiabrasil.com.br\/wp-content\/uploads\/2020\/09\/Raffaele-Peano-1-300x300.jpg 300w, https:\/\/italiabrasil.com.br\/wp-content\/uploads\/2020\/09\/Raffaele-Peano-1-150x150.jpg 150w, https:\/\/italiabrasil.com.br\/wp-content\/uploads\/2020\/09\/Raffaele-Peano-1-120x120.jpg 120w, https:\/\/italiabrasil.com.br\/wp-content\/uploads\/2020\/09\/Raffaele-Peano-1-220x220.jpg 220w, https:\/\/italiabrasil.com.br\/wp-content\/uploads\/2020\/09\/Raffaele-Peano-1-390x390.jpg 390w\" sizes=\"(max-width: 400px) 100vw, 400px\" \/>\t\t\t\t\t\t\t\t\t\t<\/a>\r\n\t\t\t\t\t\t\t\t\t\t\t\t\t\t\t\t\t<\/div>\r\n\t\t\t\t\t\t\t\t<div class=\"team-content\">\r\n\r\n\t\t\t\t\t\t\t\t\t\t\t\t\t\t\t\t       \t\t<h3 class=\"team-name\"><a class=\"pointer-events\" href=\"#rs_popupBox4_2\" data-effect=\"mfp-zoom-in\">Raffaele Peano<\/a><\/h3>\r\n\t\t\t\t\t\t\t       \t\t\t\t\t\t\t\t\t\t<span class=\"team-title\">Vicepresidente esecutivo<\/span>\r\n\t\t\t\t\t\t\t\t\t\t\t\t\t\t\t\t\t\t\t<p class=\"team-desc\">Credito d'immagine: Alexandre Igor<\/p>\r\n\t\t\t\t\t\t\t\t\t\t\t\t\t\t\t    \t\t\t\t\t\t\t    \r\n\t\t\t\t\t\t\t\t\t\r\n\t\t\t\t\t\t\t\t<\/div>\r\n\t\t\t\t\t\t\t<\/div>\r\n\t\t\t\t\t  \t<\/div>\r\n\t\t\t\t\t<\/div>\r\n\r\n\t\t\t\t<!-- Hidden PupupBox Text -->\r\n\t\t\t\t\r\n\t\t\t\t<div id=\"rs_popupBox4_2\" class=\"rspopup_style1  mfp-with-anim mfp-hide\" >\r\n\t\t\t\t\t<div class=\"row\">\r\n\t\t\t\t\t\t<div class=\"col-md-5\">\r\n\t\t\t\t\t\t\t<div class=\"rsteam_img\">\r\n\t\t\t\t\t\t\t\t<img decoding=\"async\" width=\"400\" height=\"400\" src=\"https:\/\/italiabrasil.com.br\/wp-content\/uploads\/2020\/09\/Raffaele-Peano-1.jpg\" class=\"attachment-full size-full wp-post-image\" alt=\"\" srcset=\"https:\/\/italiabrasil.com.br\/wp-content\/uploads\/2020\/09\/Raffaele-Peano-1.jpg 400w, https:\/\/italiabrasil.com.br\/wp-content\/uploads\/2020\/09\/Raffaele-Peano-1-300x300.jpg 300w, https:\/\/italiabrasil.com.br\/wp-content\/uploads\/2020\/09\/Raffaele-Peano-1-150x150.jpg 150w, https:\/\/italiabrasil.com.br\/wp-content\/uploads\/2020\/09\/Raffaele-Peano-1-120x120.jpg 120w, https:\/\/italiabrasil.com.br\/wp-content\/uploads\/2020\/09\/Raffaele-Peano-1-220x220.jpg 220w, https:\/\/italiabrasil.com.br\/wp-content\/uploads\/2020\/09\/Raffaele-Peano-1-390x390.jpg 390w\" sizes=\"(max-width: 400px) 100vw, 400px\" \/>\t\r\n\t\t\t\t\t  \t\t<\/div>\r\n\t\t\t\t\t\t<\/div>\r\n\t\t\t\t\t\t<div class=\"col-md-7\">\r\n\t\t\t\t\t\t\t<div class=\"rsteam_content\">\r\n\t\t\t\t\t\t\t\t<div class=\"team-content\">\r\n\t\t\t\t\t\t\t\t\t<div class=\"team-heading\">\r\n\r\n\t\t\t\t\t\t\t\t\t  \t<h3 class=\"team-name\" >Raffaele Peano<\/h3>\r\n\t\t\t\t\t\t\t\t\t  \t<span class=\"team-title\" >Vicepresidente esecutivo<\/span>\r\n\t\t\t\t\t\t\t\t\t<\/div> \r\n\t\t\t\t\t\t\t\t\t\t\t\t\t\t\t\t\t\t<div class=\"team-des\" >\r\n\t\t\t\t\t\t\t\t\t  \tVicepresidente esecutivo della Camera di Commercio Italiana di Minas Gerais. Nato a Cuneo il 7 gennaio 1949. Studi: Laurea in Economia e Commercio presso l'Universit\u00e0 di Torino, Facolt\u00e0 di Economia e Commercio Ha lavorato per il gruppo FIAT dal 1967 al 2015 in Italia, Brasile, Polonia, Argentina e nuovamente in Brasile, ricoprendo diversi nuovi incarichi Attivit\u00e0 filantropiche: Presidente della Fondazione Torino (scuola italiana), dell'Acibra (Associazione culturale Italia Brasile), dell'Associazione Minas Gerais per la Pace onoreficienze; titolo di Commentatore della Repubblica Italiana e di Cittadino onorario dello Stato di Minas Gerais.\t\t\t\t\t\t\t\t\t<\/div>\r\n\t\t\t\t\t\t\t\t\t\r\n\r\n\t\t\t\t\t\t\t\t\t\r\n\t\t\t\t\t\t\t\t\t \r\n\t\t\t\t\t\t\t\t<\/div>\r\n\t\t\t\t\t\t\t<\/div>\r\n\t\t\t\t\t\t<\/div>\r\n\t\t\t\t\t<\/div>\r\n\t\t\t\t<\/div>\r\n\r\n\r\n\t\t\t\t  \r\n\t<\/div>\r\n<\/div>\t\t\t\t<\/div>\n\t\t\t\t<\/div>\n\t\t\t\t\t<\/div>\n\t\t<\/div>\n\t\t\t\t\t<\/div>\n\t\t<\/section>\n\t\t\t\t\t<\/div>\n\t\t<\/div>\n\t\t\t\t\t<\/div>\n\t\t<\/section>\n\t\t<div class=\"elementor-element elementor-element-e76bfa7 e-flex e-con-boxed e-con e-parent\" data-id=\"e76bfa7\" data-element_type=\"container\">\n\t\t\t\t\t<div class=\"e-con-inner\">\n\t\t\t\t\t<\/div>\n\t\t\t\t<\/div>\n\t\t\t\t<\/div>","protected":false},"excerpt":{"rendered":"<p>Presid\u00eancia Vice-Presid\u00eancia Conselho Diretor Conselho Fiscal Conselho Honor\u00e1rio Equipe Desks MG Desks It\u00e1lia Valentino Rizzioli Presidente Credito Imagem: Alexandre Igor Valentino Rizzioli Presidente Primeiro diretor a vir para implanta\u00e7\u00e3o da FIAT em Minas Gerais. Foi presidente da CNH, vice-presidente da FIAT e atuou por mais de 25 anos no grupo. Atual presidente da C\u00e2mara de&#8230;<\/p>","protected":false},"author":1,"featured_media":0,"parent":14974,"menu_order":1,"comment_status":"closed","ping_status":"closed","template":"","meta":{"_acf_changed":false,"footnotes":""},"class_list":["post-14770","page","type-page","status-publish","hentry"],"acf":[],"_links":{"self":[{"href":"https:\/\/italiabrasil.com.br\/it\/wp-json\/wp\/v2\/pages\/14770","targetHints":{"allow":["GET"]}}],"collection":[{"href":"https:\/\/italiabrasil.com.br\/it\/wp-json\/wp\/v2\/pages"}],"about":[{"href":"https:\/\/italiabrasil.com.br\/it\/wp-json\/wp\/v2\/types\/page"}],"author":[{"embeddable":true,"href":"https:\/\/italiabrasil.com.br\/it\/wp-json\/wp\/v2\/users\/1"}],"replies":[{"embeddable":true,"href":"https:\/\/italiabrasil.com.br\/it\/wp-json\/wp\/v2\/comments?post=14770"}],"version-history":[{"count":48,"href":"https:\/\/italiabrasil.com.br\/it\/wp-json\/wp\/v2\/pages\/14770\/revisions"}],"predecessor-version":[{"id":19596,"href":"https:\/\/italiabrasil.com.br\/it\/wp-json\/wp\/v2\/pages\/14770\/revisions\/19596"}],"up":[{"embeddable":true,"href":"https:\/\/italiabrasil.com.br\/it\/wp-json\/wp\/v2\/pages\/14974"}],"wp:attachment":[{"href":"https:\/\/italiabrasil.com.br\/it\/wp-json\/wp\/v2\/media?parent=14770"}],"curies":[{"name":"wp","href":"https:\/\/api.w.org\/{rel}","templated":true}]}}